{"id":911,"date":"2020-06-26T14:37:43","date_gmt":"2020-06-26T11:37:43","guid":{"rendered":"https:\/\/lizari2.bumbierkoks.com\/%d0%ba%d0%be%d0%bd%d1%82%d0%b0%d0%ba%d1%82%d1%8b\/"},"modified":"2020-11-23T14:55:39","modified_gmt":"2020-11-23T12:55:39","slug":"%d0%ba%d0%be%d0%bd%d1%82%d0%b0%d0%ba%d1%82%d1%8b","status":"publish","type":"page","link":"https:\/\/lizari.org\/ru\/%d0%ba%d0%be%d0%bd%d1%82%d0%b0%d0%ba%d1%82%d1%8b\/","title":{"rendered":"\u041a\u041e\u041d\u0422\u0410\u041a\u0422\u042b"},"content":{"rendered":"\n<style type=\"text\/css\" data-created_by=\"avia_inline_auto\" id=\"style-css-av-k92l41u2-8dc493cceb58ecc1fd2a7ccd7bfd94fd\">\n.avia-section.av-k92l41u2-8dc493cceb58ecc1fd2a7ccd7bfd94fd{\nbackground-repeat:no-repeat;\nbackground-image:url(https:\/\/lizari.org\/wp-content\/uploads\/2020\/06\/IMG_7039.jpg);\nbackground-position:50% 50%;\nbackground-attachment:scroll;\n}\n<\/style>\n<div id='av_section_1'  class='avia-section av-k92l41u2-8dc493cceb58ecc1fd2a7ccd7bfd94fd main_color avia-section-default avia-no-border-styling  avia-builder-el-0  el_before_av_one_half  avia-builder-el-first  avia-full-stretch avia-bg-style-scroll av-minimum-height av-minimum-height-75 av-height-75  container_wrap fullsize'  data-section-bg-repeat='stretch' data-av_minimum_height_pc='75' data-av_min_height_opt='75'><div class='container av-section-cont-open' ><main  role=\"main\" itemprop=\"mainContentOfPage\"  class='template-page content  av-content-full alpha units'><div class='post-entry post-entry-type-page post-entry-911'><div class='entry-content-wrapper clearfix'><\/div><\/div><\/main><!-- close content main element --><\/div><\/div><div id='after_section_1'  class='main_color av_default_container_wrap container_wrap fullsize'  ><div class='container av-section-cont-open' ><div class='template-page content  av-content-full alpha units'><div class='post-entry post-entry-type-page post-entry-911'><div class='entry-content-wrapper clearfix'>\n\n<style type=\"text\/css\" data-created_by=\"avia_inline_auto\" id=\"style-css-av-1q9lm-87fae04f61f49bdf54a5e578bf36b21c\">\n.flex_column.av-1q9lm-87fae04f61f49bdf54a5e578bf36b21c{\nborder-radius:0px 0px 0px 0px;\npadding:0px 0px 0px 0px;\n}\n<\/style>\n<div  class='flex_column av-1q9lm-87fae04f61f49bdf54a5e578bf36b21c av_one_half  avia-builder-el-1  el_after_av_section  el_before_av_one_half  avia-builder-el-first  first flex_column_div av-zero-column-padding  '     ><p>\n<style type=\"text\/css\" data-created_by=\"avia_inline_auto\" id=\"style-css-av-asp6a-0c010164c9f851b8f0dde678f2d82fe9\">\n#top .av-special-heading.av-asp6a-0c010164c9f851b8f0dde678f2d82fe9{\npadding-bottom:10px;\n}\nbody .av-special-heading.av-asp6a-0c010164c9f851b8f0dde678f2d82fe9 .av-special-heading-tag .heading-char{\nfont-size:25px;\n}\n.av-special-heading.av-asp6a-0c010164c9f851b8f0dde678f2d82fe9 .av-subheading{\nfont-size:15px;\n}\n<\/style>\n<div  class='av-special-heading av-asp6a-0c010164c9f851b8f0dde678f2d82fe9 av-special-heading-h1 blockquote modern-quote  avia-builder-el-2  el_before_av_textblock  avia-builder-el-first '><h1 class='av-special-heading-tag '  itemprop=\"headline\"  >\u041a\u043e\u043d\u0442\u0430\u043a\u0442\u044b<\/h1><div class=\"special-heading-border\"><div class=\"special-heading-inner-border\"><\/div><\/div><\/div><br \/>\n<section  class='av_textblock_section av-k9135caa-f23e4282f0d486be6cd82985dcb594a3 '   itemscope=\"itemscope\" itemtype=\"https:\/\/schema.org\/CreativeWork\" ><div class='avia_textblock'  itemprop=\"text\" ><p><strong>\u041c\u0415\u0416\u0414\u0423\u041d\u0410\u0420\u041e\u0414\u041d\u042b\u0419 \u0426\u0415\u041d\u0422\u0420<\/strong> <strong>\u041a\u0423\u041b\u042c\u0422\u0423\u0420\u042b \u0418 \u041e\u0411\u0420\u0410\u0417\u041e\u0412\u0410\u041d\u0418\u042f LIZARI<\/strong> \u0415\u043b\u0433\u0430\u0432\u0441\u043a\u0438\u0439 \u043a\u0440\u0430\u0439, \u0412\u0438\u0440\u0446\u0430\u0432\u0430\u0441\u043a\u0430\u044f \u0432\u043e\u043b\u043e\u0441\u0442\u044c, \u041c\u0430\u0437\u043b\u0430\u0443\u043a\u0438, \u041b\u0430\u0442\u0432\u0438\u044f \u0422\u0435\u043b\u0435\u0444\u043e\u043d: +371 20 375 375 \u042d\u043b. \u043f\u043e\u0447\u0442\u0430: <a href=\"mailto:info@foil.lv\">info@foil.lv<\/a><\/p>\n<\/div><\/section><\/p><\/div>\n\n<style type=\"text\/css\" data-created_by=\"avia_inline_auto\" id=\"style-css-av-b4uc-354adeb9dfaa802d12d1b346b847aea7\">\n.flex_column.av-b4uc-354adeb9dfaa802d12d1b346b847aea7{\nborder-radius:0px 0px 0px 0px;\npadding:0px 0px 0px 0px;\n}\n<\/style>\n<div  class='flex_column av-b4uc-354adeb9dfaa802d12d1b346b847aea7 av_one_half  avia-builder-el-4  el_after_av_one_half  el_before_av_google_map  avia-builder-el-last  flex_column_div av-zero-column-padding  '     ><form action=\"https:\/\/lizari.org\/ru\/%d0%ba%d0%be%d0%bd%d1%82%d0%b0%d0%ba%d1%82%d1%8b\/\" method=\"post\" data-fields-with-error=\"Found errors in the following field(s):\" class=\"avia_ajax_form av-form-labels-visible   avia-builder-el-5  avia-builder-el-no-sibling   \" data-avia-form-id=\"1\" data-avia-redirect='' ><h3 class=''>\u0421\u0432\u044f\u0436\u0438\u0442\u0435\u0441\u044c \u0441 \u043d\u0430\u043c\u0438!<\/h3><fieldset><p class='  first_form  form_element form_fullwidth' id='element_avia_1_1'><label for=\"avia_1_1\">\u0418\u043c\u044f <abbr class=\"required\" title=\"\u0442\u0440\u0435\u0431\u0443\u0435\u0442\u0441\u044f\">*<\/abbr><\/label> <input name=\"avia_1_1\" class=\"text_input is_empty\" type=\"text\" id=\"avia_1_1\" value=\"\" \/><\/p><p class='  first_form  form_element form_element_half' id='element_avia_2_1'><label for=\"avia_2_1\">\u042d\u043b. \u043f\u043e\u0447\u0442\u0430 <abbr class=\"required\" title=\"\u0442\u0440\u0435\u0431\u0443\u0435\u0442\u0441\u044f\">*<\/abbr><\/label> <input name=\"avia_2_1\" class=\"text_input is_email\" type=\"text\" id=\"avia_2_1\" value=\"\" \/><\/p><p class='  form_element form_element_half' id='element_avia_3_1'><label for=\"avia_3_1\">\u0422\u0435\u043b\u0435\u0444\u043e\u043d <abbr class=\"required\" title=\"\u0442\u0440\u0435\u0431\u0443\u0435\u0442\u0441\u044f\">*<\/abbr><\/label> <input name=\"avia_3_1\" class=\"text_input is_phone\" type=\"text\" id=\"avia_3_1\" value=\"\" \/><\/p><p class='  first_form  form_element form_fullwidth' id='element_avia_4_1'><label for=\"avia_4_1\" class=\"textare_label hidden textare_label_avia_4_1\">\u0421\u043e\u043e\u0431\u0449\u0435\u043d\u0438\u0435 <abbr class=\"required\" title=\"\u0442\u0440\u0435\u0431\u0443\u0435\u0442\u0441\u044f\">*<\/abbr><\/label><textarea  name=\"avia_4_1\" class=\"text_area is_empty\" cols=\"40\" rows=\"7\" id=\"avia_4_1\" ><\/textarea><\/p><p class=\"hidden\"><input type=\"text\" name=\"avia_5_1\" class=\"hidden \" id=\"avia_5_1\" value=\"\" \/><\/p><div id='avia_6_1' class='av-recaptcha-area  first_form  form_element form_fullwidth '  data-container_class=\"\" data-custom_class=\"\" data-context=\"av_contact_form\" data-token_input=\"av_recaptcha_token\" data-version=\"avia_recaptcha_v3\" data-theme=\"light\" data-size=\"normal\" data-score=\"0.5\" data-text_to_preview=\"\" data-value=\"\"><div class=\"av-google-badge-message hidden\">This site is protected by reCAPTCHA and the Google <a href=\"https:\/\/policies.google.com\/privacy\">Privacy Policy<\/a> and <a href=\"https:\/\/policies.google.com\/terms\">Terms of Service<\/a> apply.<\/div><\/div><p class=\"form_element \"><input type=\"hidden\" value=\"1\" name=\"avia_generated_form1\" \/><input type=\"submit\" value=\"\u041e\u0422\u041f\u0420\u0410\u0412\u0418\u0422\u042c\" class=\"button\"  data-sending-label=\"\u041e\u0442\u043f\u0440\u0430\u0432\u043a\u0430\"\/><\/p><\/fieldset><div class=\"avia-disabled-form\">This contact form is deactivated because you refused to accept Google reCaptcha service which is necessary to validate any messages sent by the form.<\/div><\/form><div id=\"ajaxresponse_1\" class=\"ajaxresponse ajaxresponse_1 hidden\"><\/div><\/div><div  class='av_gmaps_sc_main_wrap av_gmaps_main_wrap '><div id='av_gmap_0' class='avia-google-map-container avia-google-map-sc av_gmaps_show_unconditionally av-no-fallback-img ' data-mapid='av_gmap_0'  style='height: 600px;'><a class=\"av_gmaps_browser_disabled av_text_confirm_link av_text_confirm_link_visible\" href=\"https:\/\/www.google.com\/maps\/search\/?api=1&#038;query=Mazlauki,%20Vircavas%20pagasts%20%20Jelgavas%20novads%20%20Latvija\" target=\"_blank\">Maps were disabled by the visitor on this site. Click to open the map in a new window.<\/a><\/div><\/div><\/p>\n","protected":false},"excerpt":{"rendered":"","protected":false},"author":1,"featured_media":651,"parent":0,"menu_order":0,"comment_status":"closed","ping_status":"closed","template":"","meta":{"footnotes":""},"class_list":["post-911","page","type-page","status-publish","has-post-thumbnail","hentry"],"yoast_head":"<!-- This site is optimized with the Yoast SEO plugin v24.8.1 - https:\/\/yoast.com\/wordpress\/plugins\/seo\/ -->\n<title>\u041a\u041e\u041d\u0422\u0410\u041a\u0422\u042b - Starptautiskais konferen\u010du centrs LIZARI<\/title>\n<meta name=\"robots\" content=\"index, follow, max-snippet:-1, max-image-preview:large, max-video-preview:-1\" \/>\n<link rel=\"canonical\" href=\"https:\/\/lizari.org\/ru\/%d0%ba%d0%be%d0%bd%d1%82%d0%b0%d0%ba%d1%82%d1%8b\/\" \/>\n<meta property=\"og:locale\" content=\"ru_RU\" \/>\n<meta property=\"og:type\" content=\"article\" \/>\n<meta property=\"og:title\" content=\"\u041a\u041e\u041d\u0422\u0410\u041a\u0422\u042b - Starptautiskais konferen\u010du centrs LIZARI\" \/>\n<meta property=\"og:url\" content=\"https:\/\/lizari.org\/ru\/%d0%ba%d0%be%d0%bd%d1%82%d0%b0%d0%ba%d1%82%d1%8b\/\" \/>\n<meta property=\"og:site_name\" content=\"Starptautiskais konferen\u010du centrs LIZARI\" \/>\n<meta property=\"article:modified_time\" content=\"2020-11-23T12:55:39+00:00\" \/>\n<meta property=\"og:image\" content=\"https:\/\/lizari.org\/wp-content\/uploads\/2020\/06\/IMG_7040.jpg\" \/>\n\t<meta property=\"og:image:width\" content=\"2000\" \/>\n\t<meta property=\"og:image:height\" content=\"1333\" \/>\n\t<meta property=\"og:image:type\" content=\"image\/jpeg\" \/>\n<meta name=\"twitter:card\" content=\"summary_large_image\" \/>\n<meta name=\"twitter:label1\" content=\"\u041f\u0440\u0438\u043c\u0435\u0440\u043d\u043e\u0435 \u0432\u0440\u0435\u043c\u044f \u0434\u043b\u044f \u0447\u0442\u0435\u043d\u0438\u044f\" \/>\n\t<meta name=\"twitter:data1\" content=\"4 \u043c\u0438\u043d\u0443\u0442\u044b\" \/>\n<script type=\"application\/ld+json\" class=\"yoast-schema-graph\">{\"@context\":\"https:\/\/schema.org\",\"@graph\":[{\"@type\":\"WebPage\",\"@id\":\"https:\/\/lizari.org\/ru\/%d0%ba%d0%be%d0%bd%d1%82%d0%b0%d0%ba%d1%82%d1%8b\/\",\"url\":\"https:\/\/lizari.org\/ru\/%d0%ba%d0%be%d0%bd%d1%82%d0%b0%d0%ba%d1%82%d1%8b\/\",\"name\":\"\u041a\u041e\u041d\u0422\u0410\u041a\u0422\u042b - Starptautiskais konferen\u010du centrs LIZARI\",\"isPartOf\":{\"@id\":\"https:\/\/lizari.org\/ru\/#website\"},\"primaryImageOfPage\":{\"@id\":\"https:\/\/lizari.org\/ru\/%d0%ba%d0%be%d0%bd%d1%82%d0%b0%d0%ba%d1%82%d1%8b\/#primaryimage\"},\"image\":{\"@id\":\"https:\/\/lizari.org\/ru\/%d0%ba%d0%be%d0%bd%d1%82%d0%b0%d0%ba%d1%82%d1%8b\/#primaryimage\"},\"thumbnailUrl\":\"https:\/\/lizari.org\/wp-content\/uploads\/2020\/06\/IMG_7040.jpg\",\"datePublished\":\"2020-06-26T11:37:43+00:00\",\"dateModified\":\"2020-11-23T12:55:39+00:00\",\"breadcrumb\":{\"@id\":\"https:\/\/lizari.org\/ru\/%d0%ba%d0%be%d0%bd%d1%82%d0%b0%d0%ba%d1%82%d1%8b\/#breadcrumb\"},\"inLanguage\":\"ru-RU\",\"potentialAction\":[{\"@type\":\"ReadAction\",\"target\":[\"https:\/\/lizari.org\/ru\/%d0%ba%d0%be%d0%bd%d1%82%d0%b0%d0%ba%d1%82%d1%8b\/\"]}]},{\"@type\":\"ImageObject\",\"inLanguage\":\"ru-RU\",\"@id\":\"https:\/\/lizari.org\/ru\/%d0%ba%d0%be%d0%bd%d1%82%d0%b0%d0%ba%d1%82%d1%8b\/#primaryimage\",\"url\":\"https:\/\/lizari.org\/wp-content\/uploads\/2020\/06\/IMG_7040.jpg\",\"contentUrl\":\"https:\/\/lizari.org\/wp-content\/uploads\/2020\/06\/IMG_7040.jpg\",\"width\":2000,\"height\":1333},{\"@type\":\"BreadcrumbList\",\"@id\":\"https:\/\/lizari.org\/ru\/%d0%ba%d0%be%d0%bd%d1%82%d0%b0%d0%ba%d1%82%d1%8b\/#breadcrumb\",\"itemListElement\":[{\"@type\":\"ListItem\",\"position\":1,\"name\":\"\u0413\u043b\u0430\u0432\u043d\u0430\u044f \u0441\u0442\u0440\u0430\u043d\u0438\u0446\u0430\",\"item\":\"https:\/\/lizari.org\/ru\/\"},{\"@type\":\"ListItem\",\"position\":2,\"name\":\"\u041a\u041e\u041d\u0422\u0410\u041a\u0422\u042b\"}]},{\"@type\":\"WebSite\",\"@id\":\"https:\/\/lizari.org\/ru\/#website\",\"url\":\"https:\/\/lizari.org\/ru\/\",\"name\":\"Starptautiskais konferen\u010du centrs LIZARI\",\"description\":\"Konferences, pas\u0101kumi, semin\u0101ri\",\"potentialAction\":[{\"@type\":\"SearchAction\",\"target\":{\"@type\":\"EntryPoint\",\"urlTemplate\":\"https:\/\/lizari.org\/ru\/?s={search_term_string}\"},\"query-input\":{\"@type\":\"PropertyValueSpecification\",\"valueRequired\":true,\"valueName\":\"search_term_string\"}}],\"inLanguage\":\"ru-RU\"}]}<\/script>\n<!-- \/ Yoast SEO plugin. -->","yoast_head_json":{"title":"\u041a\u041e\u041d\u0422\u0410\u041a\u0422\u042b - Starptautiskais konferen\u010du centrs LIZARI","robots":{"index":"index","follow":"follow","max-snippet":"max-snippet:-1","max-image-preview":"max-image-preview:large","max-video-preview":"max-video-preview:-1"},"canonical":"https:\/\/lizari.org\/ru\/%d0%ba%d0%be%d0%bd%d1%82%d0%b0%d0%ba%d1%82%d1%8b\/","og_locale":"ru_RU","og_type":"article","og_title":"\u041a\u041e\u041d\u0422\u0410\u041a\u0422\u042b - Starptautiskais konferen\u010du centrs LIZARI","og_url":"https:\/\/lizari.org\/ru\/%d0%ba%d0%be%d0%bd%d1%82%d0%b0%d0%ba%d1%82%d1%8b\/","og_site_name":"Starptautiskais konferen\u010du centrs LIZARI","article_modified_time":"2020-11-23T12:55:39+00:00","og_image":[{"width":2000,"height":1333,"url":"https:\/\/lizari.org\/wp-content\/uploads\/2020\/06\/IMG_7040.jpg","type":"image\/jpeg"}],"twitter_card":"summary_large_image","twitter_misc":{"\u041f\u0440\u0438\u043c\u0435\u0440\u043d\u043e\u0435 \u0432\u0440\u0435\u043c\u044f \u0434\u043b\u044f \u0447\u0442\u0435\u043d\u0438\u044f":"4 \u043c\u0438\u043d\u0443\u0442\u044b"},"schema":{"@context":"https:\/\/schema.org","@graph":[{"@type":"WebPage","@id":"https:\/\/lizari.org\/ru\/%d0%ba%d0%be%d0%bd%d1%82%d0%b0%d0%ba%d1%82%d1%8b\/","url":"https:\/\/lizari.org\/ru\/%d0%ba%d0%be%d0%bd%d1%82%d0%b0%d0%ba%d1%82%d1%8b\/","name":"\u041a\u041e\u041d\u0422\u0410\u041a\u0422\u042b - Starptautiskais konferen\u010du centrs LIZARI","isPartOf":{"@id":"https:\/\/lizari.org\/ru\/#website"},"primaryImageOfPage":{"@id":"https:\/\/lizari.org\/ru\/%d0%ba%d0%be%d0%bd%d1%82%d0%b0%d0%ba%d1%82%d1%8b\/#primaryimage"},"image":{"@id":"https:\/\/lizari.org\/ru\/%d0%ba%d0%be%d0%bd%d1%82%d0%b0%d0%ba%d1%82%d1%8b\/#primaryimage"},"thumbnailUrl":"https:\/\/lizari.org\/wp-content\/uploads\/2020\/06\/IMG_7040.jpg","datePublished":"2020-06-26T11:37:43+00:00","dateModified":"2020-11-23T12:55:39+00:00","breadcrumb":{"@id":"https:\/\/lizari.org\/ru\/%d0%ba%d0%be%d0%bd%d1%82%d0%b0%d0%ba%d1%82%d1%8b\/#breadcrumb"},"inLanguage":"ru-RU","potentialAction":[{"@type":"ReadAction","target":["https:\/\/lizari.org\/ru\/%d0%ba%d0%be%d0%bd%d1%82%d0%b0%d0%ba%d1%82%d1%8b\/"]}]},{"@type":"ImageObject","inLanguage":"ru-RU","@id":"https:\/\/lizari.org\/ru\/%d0%ba%d0%be%d0%bd%d1%82%d0%b0%d0%ba%d1%82%d1%8b\/#primaryimage","url":"https:\/\/lizari.org\/wp-content\/uploads\/2020\/06\/IMG_7040.jpg","contentUrl":"https:\/\/lizari.org\/wp-content\/uploads\/2020\/06\/IMG_7040.jpg","width":2000,"height":1333},{"@type":"BreadcrumbList","@id":"https:\/\/lizari.org\/ru\/%d0%ba%d0%be%d0%bd%d1%82%d0%b0%d0%ba%d1%82%d1%8b\/#breadcrumb","itemListElement":[{"@type":"ListItem","position":1,"name":"\u0413\u043b\u0430\u0432\u043d\u0430\u044f \u0441\u0442\u0440\u0430\u043d\u0438\u0446\u0430","item":"https:\/\/lizari.org\/ru\/"},{"@type":"ListItem","position":2,"name":"\u041a\u041e\u041d\u0422\u0410\u041a\u0422\u042b"}]},{"@type":"WebSite","@id":"https:\/\/lizari.org\/ru\/#website","url":"https:\/\/lizari.org\/ru\/","name":"Starptautiskais konferen\u010du centrs LIZARI","description":"Konferences, pas\u0101kumi, semin\u0101ri","potentialAction":[{"@type":"SearchAction","target":{"@type":"EntryPoint","urlTemplate":"https:\/\/lizari.org\/ru\/?s={search_term_string}"},"query-input":{"@type":"PropertyValueSpecification","valueRequired":true,"valueName":"search_term_string"}}],"inLanguage":"ru-RU"}]}},"_links":{"self":[{"href":"https:\/\/lizari.org\/ru\/wp-json\/wp\/v2\/pages\/911","targetHints":{"allow":["GET"]}}],"collection":[{"href":"https:\/\/lizari.org\/ru\/wp-json\/wp\/v2\/pages"}],"about":[{"href":"https:\/\/lizari.org\/ru\/wp-json\/wp\/v2\/types\/page"}],"author":[{"embeddable":true,"href":"https:\/\/lizari.org\/ru\/wp-json\/wp\/v2\/users\/1"}],"replies":[{"embeddable":true,"href":"https:\/\/lizari.org\/ru\/wp-json\/wp\/v2\/comments?post=911"}],"version-history":[{"count":5,"href":"https:\/\/lizari.org\/ru\/wp-json\/wp\/v2\/pages\/911\/revisions"}],"predecessor-version":[{"id":1665,"href":"https:\/\/lizari.org\/ru\/wp-json\/wp\/v2\/pages\/911\/revisions\/1665"}],"wp:featuredmedia":[{"embeddable":true,"href":"https:\/\/lizari.org\/ru\/wp-json\/wp\/v2\/media\/651"}],"wp:attachment":[{"href":"https:\/\/lizari.org\/ru\/wp-json\/wp\/v2\/media?parent=911"}],"curies":[{"name":"wp","href":"https:\/\/api.w.org\/{rel}","templated":true}]}}