{"id":476,"date":"2020-06-16T17:38:47","date_gmt":"2020-06-16T14:38:47","guid":{"rendered":"https:\/\/lizari2.bumbierkoks.com\/?page_id=476"},"modified":"2020-11-23T10:42:18","modified_gmt":"2020-11-23T08:42:18","slug":"%d0%ba%d0%be%d0%bd%d1%84%d0%b5%d1%80%d0%b5%d0%bd%d1%86%d0%b8%d0%b8-%d0%b8-%d1%81%d0%b5%d0%bc%d0%b8%d0%bd%d0%b0%d1%80%d1%8b","status":"publish","type":"page","link":"https:\/\/lizari.org\/ru\/%d0%ba%d0%be%d0%bd%d1%84%d0%b5%d1%80%d0%b5%d0%bd%d1%86%d0%b8%d0%b8-%d0%b8-%d1%81%d0%b5%d0%bc%d0%b8%d0%bd%d0%b0%d1%80%d1%8b\/","title":{"rendered":"\u041e \u041d\u0410\u0421"},"content":{"rendered":"\n<style type=\"text\/css\" data-created_by=\"avia_inline_auto\" id=\"style-css-av-kbm8bc4j-885d779c584126825616e3c866be4b0a\">\n.avia-section.av-kbm8bc4j-885d779c584126825616e3c866be4b0a .av-parallax .av-parallax-inner{\nbackground-repeat:no-repeat;\nbackground-image:url(https:\/\/lizari.org\/wp-content\/uploads\/2020\/06\/DJI_003483x.jpg);\nbackground-position:50% 50%;\nbackground-attachment:scroll;\n}\n<\/style>\n<div id='av_section_1'  class='avia-section av-kbm8bc4j-885d779c584126825616e3c866be4b0a main_color avia-section-default avia-no-border-styling  avia-builder-el-0  el_before_av_section  avia-builder-el-first  av-medium-hide av-small-hide av-mini-hide avia-full-stretch av-parallax-section avia-bg-style-parallax av-minimum-height av-minimum-height-100 av-height-100  container_wrap fullsize'  data-section-bg-repeat='stretch' data-av_minimum_height_pc='100' data-av_min_height_opt='100'><div class='av-parallax' data-avia-parallax-ratio='0.3' ><div class='av-parallax-inner main_color avia-full-stretch'><\/div><\/div><div class='container av-section-cont-open' ><main  role=\"main\" itemprop=\"mainContentOfPage\"  class='template-page content  av-content-full alpha units'><div class='post-entry post-entry-type-page post-entry-476'><div class='entry-content-wrapper clearfix'>\n<\/div><\/div><\/main><!-- close content main element --><\/div><\/div>\n<style type=\"text\/css\" data-created_by=\"avia_inline_auto\" id=\"style-css-av-kbm8bc4j-91b6d0eefb46f6771aa23e0092571b6c\">\n.avia-section.av-kbm8bc4j-91b6d0eefb46f6771aa23e0092571b6c{\nbackground-color:#ffc700;\nbackground-image:unset;\n}\n<\/style>\n<div id='av_section_2'  class='avia-section av-kbm8bc4j-91b6d0eefb46f6771aa23e0092571b6c main_color avia-section-default avia-no-border-styling  avia-builder-el-1  el_after_av_section  el_before_av_section  avia-bg-style-parallax container_wrap fullsize'  ><div class='container av-section-cont-open' ><div class='template-page content  av-content-full alpha units'><div class='post-entry post-entry-type-page post-entry-476'><div class='entry-content-wrapper clearfix'>\n\n<style type=\"text\/css\" data-created_by=\"avia_inline_auto\" id=\"style-css-av-794c-2727eceba7f687870fcd5493f935b3a0\">\n.flex_column.av-794c-2727eceba7f687870fcd5493f935b3a0{\nborder-radius:0px 0px 0px 0px;\npadding:0px 0px 0px 0px;\n}\n<\/style>\n<div  class='flex_column av-794c-2727eceba7f687870fcd5493f935b3a0 av_one_fourth  avia-builder-el-2  el_before_av_one_fourth  avia-builder-el-first  first flex_column_div av-zero-column-padding  '     ><div  class=\"avia-animated-number av-kbmd8m7u-1386a00c21668a148bef78e4ef84a537 av-force-default-color avia_animate_when_visible  avia-builder-el-3  avia-builder-el-no-sibling  \" data-timer=\"3000\"><strong class=\"heading avia-animated-number-title\"><span class=\"avia-single-number __av-single-number\" data-number_format=\"\" data-number=\"300\" data-start_from=\"0\">300<\/span><\/strong><div class=\"avia-animated-number-content\"><p>m2 \u043f\u043b\u043e\u0449\u0430\u0434\u044c \u043a\u043e\u043d\u0444\u0435\u0440\u0435\u043d\u0446-\u0437\u0430\u043b\u043e\u0432<\/p>\n<\/div><\/div><\/div>\n<style type=\"text\/css\" data-created_by=\"avia_inline_auto\" id=\"style-css-av-794c-bc9ac4694dc954c84d320c7d64ea04a5\">\n.flex_column.av-794c-bc9ac4694dc954c84d320c7d64ea04a5{\nborder-radius:0px 0px 0px 0px;\npadding:0px 0px 0px 0px;\n}\n<\/style>\n<div  class='flex_column av-794c-bc9ac4694dc954c84d320c7d64ea04a5 av_one_fourth  avia-builder-el-4  el_after_av_one_fourth  el_before_av_one_fourth  flex_column_div av-zero-column-padding  '     ><div  class=\"avia-animated-number av-kbmd8m7u-996eabd350b0f25b554fc242a7960b3a av-force-default-color avia_animate_when_visible  avia-builder-el-5  avia-builder-el-no-sibling  \" data-timer=\"3000\"><strong class=\"heading avia-animated-number-title\"><span class=\"avia-single-number __av-single-number\" data-number_format=\"\" data-number=\"200\" data-start_from=\"0\">200<\/span><\/strong><div class=\"avia-animated-number-content\"><p>\u0443\u0447\u0430\u0441\u0442\u043d\u0438\u043a\u043e\u0432 \u043e\u0434\u043d\u043e\u0432\u0440\u0435\u043c\u0435\u043d\u043d\u043e<br \/>\n\u043a\u043e\u043d\u0444\u0435\u0440\u0435\u043d\u0446-\u0437\u0430\u043b\u044b<\/p>\n<\/div><\/div><\/div>\n<style type=\"text\/css\" data-created_by=\"avia_inline_auto\" id=\"style-css-av-5ug6-966723826bd69a054ca4c2689a8feb8b\">\n.flex_column.av-5ug6-966723826bd69a054ca4c2689a8feb8b{\nborder-radius:0px 0px 0px 0px;\npadding:0px 0px 0px 0px;\n}\n<\/style>\n<div  class='flex_column av-5ug6-966723826bd69a054ca4c2689a8feb8b av_one_fourth  avia-builder-el-6  el_after_av_one_fourth  el_before_av_one_fourth  flex_column_div av-zero-column-padding  '     ><div  class=\"avia-animated-number av-kbmd8m7u-256b836757956ca606e2cdbda28c1730 av-force-default-color avia_animate_when_visible  avia-builder-el-7  avia-builder-el-no-sibling  \" data-timer=\"3000\"><strong class=\"heading avia-animated-number-title\"><span class=\"avia-single-number __av-single-number\" data-number_format=\"\" data-number=\"90\" data-start_from=\"0\">90<\/span><\/strong><div class=\"avia-animated-number-content\"><p>\u0440\u0430\u0437\u043c\u0435\u0449\u0435\u043d\u0438\u0435<\/p>\n<\/div><\/div><\/div>\n<style type=\"text\/css\" data-created_by=\"avia_inline_auto\" id=\"style-css-av-42ni-5453147addc81e0eb066634363052310\">\n.flex_column.av-42ni-5453147addc81e0eb066634363052310{\nborder-radius:0px 0px 0px 0px;\npadding:0px 0px 0px 0px;\n}\n<\/style>\n<div  class='flex_column av-42ni-5453147addc81e0eb066634363052310 av_one_fourth  avia-builder-el-8  el_after_av_one_fourth  avia-builder-el-last  flex_column_div av-zero-column-padding  '     ><div  class=\"avia-animated-number av-kbmd8m7u-f0cf09767beff553467ca2c09b8b29e0 av-force-default-color avia_animate_when_visible  avia-builder-el-9  avia-builder-el-no-sibling  \" data-timer=\"3000\"><strong class=\"heading avia-animated-number-title\"><span class=\"avia-single-number __av-single-number\" data-number_format=\"\" data-number=\"70\" data-start_from=\"0\">70<\/span><\/strong><div class=\"avia-animated-number-content\"><p>\u0440\u0435\u0441\u0442\u043e\u0440\u0430\u043d<\/p>\n<\/div><\/div><\/div>\n\n<\/div><\/div><\/div><!-- close content main div --><\/div><\/div>\n<style type=\"text\/css\" data-created_by=\"avia_inline_auto\" id=\"style-css-av-kbm8bc4j-54956bfb4663dc07bae2f9a896847853\">\n.avia-section.av-kbm8bc4j-54956bfb4663dc07bae2f9a896847853 .av-parallax .av-parallax-inner{\nbackground-repeat:no-repeat;\nbackground-image:url(https:\/\/lizari.org\/wp-content\/uploads\/2020\/06\/lizari-putna-lidojums.jpg);\nbackground-position:50% 50%;\nbackground-attachment:scroll;\n}\n<\/style>\n<div id='av_section_3'  class='avia-section av-kbm8bc4j-54956bfb4663dc07bae2f9a896847853 main_color avia-section-default avia-no-border-styling  avia-builder-el-10  el_after_av_section  avia-builder-el-last  avia-full-stretch av-parallax-section avia-bg-style-parallax av-minimum-height av-minimum-height-75 av-height-75  container_wrap fullsize'  data-section-bg-repeat='stretch' data-av_minimum_height_pc='75' data-av_min_height_opt='75'><div class='av-parallax' data-avia-parallax-ratio='0.3' ><div class='av-parallax-inner main_color avia-full-stretch'><\/div><\/div><div class='container av-section-cont-open' ><div class='template-page content  av-content-full alpha units'><div class='post-entry post-entry-type-page post-entry-476'><div class='entry-content-wrapper clearfix'>\n","protected":false},"excerpt":{"rendered":"","protected":false},"author":1,"featured_media":885,"parent":0,"menu_order":0,"comment_status":"closed","ping_status":"open","template":"","meta":{"footnotes":""},"class_list":["post-476","page","type-page","status-publish","has-post-thumbnail","hentry"],"yoast_head":"<!-- This site is optimized with the Yoast SEO plugin v24.8.1 - https:\/\/yoast.com\/wordpress\/plugins\/seo\/ -->\n<title>\u041e \u041d\u0410\u0421 - Starptautiskais konferen\u010du centrs LIZARI<\/title>\n<meta name=\"robots\" content=\"index, follow, max-snippet:-1, max-image-preview:large, max-video-preview:-1\" \/>\n<link rel=\"canonical\" href=\"https:\/\/lizari.org\/ru\/%d0%ba%d0%be%d0%bd%d1%84%d0%b5%d1%80%d0%b5%d0%bd%d1%86%d0%b8%d0%b8-%d0%b8-%d1%81%d0%b5%d0%bc%d0%b8%d0%bd%d0%b0%d1%80%d1%8b\/\" \/>\n<meta property=\"og:locale\" content=\"ru_RU\" \/>\n<meta property=\"og:type\" content=\"article\" \/>\n<meta property=\"og:title\" content=\"\u041e \u041d\u0410\u0421 - Starptautiskais konferen\u010du centrs LIZARI\" \/>\n<meta property=\"og:url\" content=\"https:\/\/lizari.org\/ru\/%d0%ba%d0%be%d0%bd%d1%84%d0%b5%d1%80%d0%b5%d0%bd%d1%86%d0%b8%d0%b8-%d0%b8-%d1%81%d0%b5%d0%bc%d0%b8%d0%bd%d0%b0%d1%80%d1%8b\/\" \/>\n<meta property=\"og:site_name\" content=\"Starptautiskais konferen\u010du centrs LIZARI\" \/>\n<meta property=\"article:modified_time\" content=\"2020-11-23T08:42:18+00:00\" \/>\n<meta property=\"og:image\" content=\"https:\/\/lizari.org\/wp-content\/uploads\/2020\/06\/viesnica.jpg\" \/>\n\t<meta property=\"og:image:width\" content=\"1919\" \/>\n\t<meta property=\"og:image:height\" content=\"1078\" \/>\n\t<meta property=\"og:image:type\" content=\"image\/jpeg\" \/>\n<meta name=\"twitter:card\" content=\"summary_large_image\" \/>\n<meta name=\"twitter:label1\" content=\"\u041f\u0440\u0438\u043c\u0435\u0440\u043d\u043e\u0435 \u0432\u0440\u0435\u043c\u044f \u0434\u043b\u044f \u0447\u0442\u0435\u043d\u0438\u044f\" \/>\n\t<meta name=\"twitter:data1\" content=\"6 \u043c\u0438\u043d\u0443\u0442\" \/>\n<script type=\"application\/ld+json\" class=\"yoast-schema-graph\">{\"@context\":\"https:\/\/schema.org\",\"@graph\":[{\"@type\":\"WebPage\",\"@id\":\"https:\/\/lizari.org\/ru\/%d0%ba%d0%be%d0%bd%d1%84%d0%b5%d1%80%d0%b5%d0%bd%d1%86%d0%b8%d0%b8-%d0%b8-%d1%81%d0%b5%d0%bc%d0%b8%d0%bd%d0%b0%d1%80%d1%8b\/\",\"url\":\"https:\/\/lizari.org\/ru\/%d0%ba%d0%be%d0%bd%d1%84%d0%b5%d1%80%d0%b5%d0%bd%d1%86%d0%b8%d0%b8-%d0%b8-%d1%81%d0%b5%d0%bc%d0%b8%d0%bd%d0%b0%d1%80%d1%8b\/\",\"name\":\"\u041e \u041d\u0410\u0421 - Starptautiskais konferen\u010du centrs LIZARI\",\"isPartOf\":{\"@id\":\"https:\/\/lizari.org\/ru\/#website\"},\"primaryImageOfPage\":{\"@id\":\"https:\/\/lizari.org\/ru\/%d0%ba%d0%be%d0%bd%d1%84%d0%b5%d1%80%d0%b5%d0%bd%d1%86%d0%b8%d0%b8-%d0%b8-%d1%81%d0%b5%d0%bc%d0%b8%d0%bd%d0%b0%d1%80%d1%8b\/#primaryimage\"},\"image\":{\"@id\":\"https:\/\/lizari.org\/ru\/%d0%ba%d0%be%d0%bd%d1%84%d0%b5%d1%80%d0%b5%d0%bd%d1%86%d0%b8%d0%b8-%d0%b8-%d1%81%d0%b5%d0%bc%d0%b8%d0%bd%d0%b0%d1%80%d1%8b\/#primaryimage\"},\"thumbnailUrl\":\"https:\/\/lizari.org\/wp-content\/uploads\/2020\/06\/viesnica.jpg\",\"datePublished\":\"2020-06-16T14:38:47+00:00\",\"dateModified\":\"2020-11-23T08:42:18+00:00\",\"breadcrumb\":{\"@id\":\"https:\/\/lizari.org\/ru\/%d0%ba%d0%be%d0%bd%d1%84%d0%b5%d1%80%d0%b5%d0%bd%d1%86%d0%b8%d0%b8-%d0%b8-%d1%81%d0%b5%d0%bc%d0%b8%d0%bd%d0%b0%d1%80%d1%8b\/#breadcrumb\"},\"inLanguage\":\"ru-RU\",\"potentialAction\":[{\"@type\":\"ReadAction\",\"target\":[\"https:\/\/lizari.org\/ru\/%d0%ba%d0%be%d0%bd%d1%84%d0%b5%d1%80%d0%b5%d0%bd%d1%86%d0%b8%d0%b8-%d0%b8-%d1%81%d0%b5%d0%bc%d0%b8%d0%bd%d0%b0%d1%80%d1%8b\/\"]}]},{\"@type\":\"ImageObject\",\"inLanguage\":\"ru-RU\",\"@id\":\"https:\/\/lizari.org\/ru\/%d0%ba%d0%be%d0%bd%d1%84%d0%b5%d1%80%d0%b5%d0%bd%d1%86%d0%b8%d0%b8-%d0%b8-%d1%81%d0%b5%d0%bc%d0%b8%d0%bd%d0%b0%d1%80%d1%8b\/#primaryimage\",\"url\":\"https:\/\/lizari.org\/wp-content\/uploads\/2020\/06\/viesnica.jpg\",\"contentUrl\":\"https:\/\/lizari.org\/wp-content\/uploads\/2020\/06\/viesnica.jpg\",\"width\":1919,\"height\":1078},{\"@type\":\"BreadcrumbList\",\"@id\":\"https:\/\/lizari.org\/ru\/%d0%ba%d0%be%d0%bd%d1%84%d0%b5%d1%80%d0%b5%d0%bd%d1%86%d0%b8%d0%b8-%d0%b8-%d1%81%d0%b5%d0%bc%d0%b8%d0%bd%d0%b0%d1%80%d1%8b\/#breadcrumb\",\"itemListElement\":[{\"@type\":\"ListItem\",\"position\":1,\"name\":\"\u0413\u043b\u0430\u0432\u043d\u0430\u044f \u0441\u0442\u0440\u0430\u043d\u0438\u0446\u0430\",\"item\":\"https:\/\/lizari.org\/ru\/\"},{\"@type\":\"ListItem\",\"position\":2,\"name\":\"\u041e \u041d\u0410\u0421\"}]},{\"@type\":\"WebSite\",\"@id\":\"https:\/\/lizari.org\/ru\/#website\",\"url\":\"https:\/\/lizari.org\/ru\/\",\"name\":\"Starptautiskais konferen\u010du centrs LIZARI\",\"description\":\"Konferences, pas\u0101kumi, semin\u0101ri\",\"potentialAction\":[{\"@type\":\"SearchAction\",\"target\":{\"@type\":\"EntryPoint\",\"urlTemplate\":\"https:\/\/lizari.org\/ru\/?s={search_term_string}\"},\"query-input\":{\"@type\":\"PropertyValueSpecification\",\"valueRequired\":true,\"valueName\":\"search_term_string\"}}],\"inLanguage\":\"ru-RU\"}]}<\/script>\n<!-- \/ Yoast SEO plugin. -->","yoast_head_json":{"title":"\u041e \u041d\u0410\u0421 - Starptautiskais konferen\u010du centrs LIZARI","robots":{"index":"index","follow":"follow","max-snippet":"max-snippet:-1","max-image-preview":"max-image-preview:large","max-video-preview":"max-video-preview:-1"},"canonical":"https:\/\/lizari.org\/ru\/%d0%ba%d0%be%d0%bd%d1%84%d0%b5%d1%80%d0%b5%d0%bd%d1%86%d0%b8%d0%b8-%d0%b8-%d1%81%d0%b5%d0%bc%d0%b8%d0%bd%d0%b0%d1%80%d1%8b\/","og_locale":"ru_RU","og_type":"article","og_title":"\u041e \u041d\u0410\u0421 - Starptautiskais konferen\u010du centrs LIZARI","og_url":"https:\/\/lizari.org\/ru\/%d0%ba%d0%be%d0%bd%d1%84%d0%b5%d1%80%d0%b5%d0%bd%d1%86%d0%b8%d0%b8-%d0%b8-%d1%81%d0%b5%d0%bc%d0%b8%d0%bd%d0%b0%d1%80%d1%8b\/","og_site_name":"Starptautiskais konferen\u010du centrs LIZARI","article_modified_time":"2020-11-23T08:42:18+00:00","og_image":[{"width":1919,"height":1078,"url":"https:\/\/lizari.org\/wp-content\/uploads\/2020\/06\/viesnica.jpg","type":"image\/jpeg"}],"twitter_card":"summary_large_image","twitter_misc":{"\u041f\u0440\u0438\u043c\u0435\u0440\u043d\u043e\u0435 \u0432\u0440\u0435\u043c\u044f \u0434\u043b\u044f \u0447\u0442\u0435\u043d\u0438\u044f":"6 \u043c\u0438\u043d\u0443\u0442"},"schema":{"@context":"https:\/\/schema.org","@graph":[{"@type":"WebPage","@id":"https:\/\/lizari.org\/ru\/%d0%ba%d0%be%d0%bd%d1%84%d0%b5%d1%80%d0%b5%d0%bd%d1%86%d0%b8%d0%b8-%d0%b8-%d1%81%d0%b5%d0%bc%d0%b8%d0%bd%d0%b0%d1%80%d1%8b\/","url":"https:\/\/lizari.org\/ru\/%d0%ba%d0%be%d0%bd%d1%84%d0%b5%d1%80%d0%b5%d0%bd%d1%86%d0%b8%d0%b8-%d0%b8-%d1%81%d0%b5%d0%bc%d0%b8%d0%bd%d0%b0%d1%80%d1%8b\/","name":"\u041e \u041d\u0410\u0421 - Starptautiskais konferen\u010du centrs LIZARI","isPartOf":{"@id":"https:\/\/lizari.org\/ru\/#website"},"primaryImageOfPage":{"@id":"https:\/\/lizari.org\/ru\/%d0%ba%d0%be%d0%bd%d1%84%d0%b5%d1%80%d0%b5%d0%bd%d1%86%d0%b8%d0%b8-%d0%b8-%d1%81%d0%b5%d0%bc%d0%b8%d0%bd%d0%b0%d1%80%d1%8b\/#primaryimage"},"image":{"@id":"https:\/\/lizari.org\/ru\/%d0%ba%d0%be%d0%bd%d1%84%d0%b5%d1%80%d0%b5%d0%bd%d1%86%d0%b8%d0%b8-%d0%b8-%d1%81%d0%b5%d0%bc%d0%b8%d0%bd%d0%b0%d1%80%d1%8b\/#primaryimage"},"thumbnailUrl":"https:\/\/lizari.org\/wp-content\/uploads\/2020\/06\/viesnica.jpg","datePublished":"2020-06-16T14:38:47+00:00","dateModified":"2020-11-23T08:42:18+00:00","breadcrumb":{"@id":"https:\/\/lizari.org\/ru\/%d0%ba%d0%be%d0%bd%d1%84%d0%b5%d1%80%d0%b5%d0%bd%d1%86%d0%b8%d0%b8-%d0%b8-%d1%81%d0%b5%d0%bc%d0%b8%d0%bd%d0%b0%d1%80%d1%8b\/#breadcrumb"},"inLanguage":"ru-RU","potentialAction":[{"@type":"ReadAction","target":["https:\/\/lizari.org\/ru\/%d0%ba%d0%be%d0%bd%d1%84%d0%b5%d1%80%d0%b5%d0%bd%d1%86%d0%b8%d0%b8-%d0%b8-%d1%81%d0%b5%d0%bc%d0%b8%d0%bd%d0%b0%d1%80%d1%8b\/"]}]},{"@type":"ImageObject","inLanguage":"ru-RU","@id":"https:\/\/lizari.org\/ru\/%d0%ba%d0%be%d0%bd%d1%84%d0%b5%d1%80%d0%b5%d0%bd%d1%86%d0%b8%d0%b8-%d0%b8-%d1%81%d0%b5%d0%bc%d0%b8%d0%bd%d0%b0%d1%80%d1%8b\/#primaryimage","url":"https:\/\/lizari.org\/wp-content\/uploads\/2020\/06\/viesnica.jpg","contentUrl":"https:\/\/lizari.org\/wp-content\/uploads\/2020\/06\/viesnica.jpg","width":1919,"height":1078},{"@type":"BreadcrumbList","@id":"https:\/\/lizari.org\/ru\/%d0%ba%d0%be%d0%bd%d1%84%d0%b5%d1%80%d0%b5%d0%bd%d1%86%d0%b8%d0%b8-%d0%b8-%d1%81%d0%b5%d0%bc%d0%b8%d0%bd%d0%b0%d1%80%d1%8b\/#breadcrumb","itemListElement":[{"@type":"ListItem","position":1,"name":"\u0413\u043b\u0430\u0432\u043d\u0430\u044f \u0441\u0442\u0440\u0430\u043d\u0438\u0446\u0430","item":"https:\/\/lizari.org\/ru\/"},{"@type":"ListItem","position":2,"name":"\u041e \u041d\u0410\u0421"}]},{"@type":"WebSite","@id":"https:\/\/lizari.org\/ru\/#website","url":"https:\/\/lizari.org\/ru\/","name":"Starptautiskais konferen\u010du centrs LIZARI","description":"Konferences, pas\u0101kumi, semin\u0101ri","potentialAction":[{"@type":"SearchAction","target":{"@type":"EntryPoint","urlTemplate":"https:\/\/lizari.org\/ru\/?s={search_term_string}"},"query-input":{"@type":"PropertyValueSpecification","valueRequired":true,"valueName":"search_term_string"}}],"inLanguage":"ru-RU"}]}},"_links":{"self":[{"href":"https:\/\/lizari.org\/ru\/wp-json\/wp\/v2\/pages\/476","targetHints":{"allow":["GET"]}}],"collection":[{"href":"https:\/\/lizari.org\/ru\/wp-json\/wp\/v2\/pages"}],"about":[{"href":"https:\/\/lizari.org\/ru\/wp-json\/wp\/v2\/types\/page"}],"author":[{"embeddable":true,"href":"https:\/\/lizari.org\/ru\/wp-json\/wp\/v2\/users\/1"}],"replies":[{"embeddable":true,"href":"https:\/\/lizari.org\/ru\/wp-json\/wp\/v2\/comments?post=476"}],"version-history":[{"count":5,"href":"https:\/\/lizari.org\/ru\/wp-json\/wp\/v2\/pages\/476\/revisions"}],"predecessor-version":[{"id":1641,"href":"https:\/\/lizari.org\/ru\/wp-json\/wp\/v2\/pages\/476\/revisions\/1641"}],"wp:featuredmedia":[{"embeddable":true,"href":"https:\/\/lizari.org\/ru\/wp-json\/wp\/v2\/media\/885"}],"wp:attachment":[{"href":"https:\/\/lizari.org\/ru\/wp-json\/wp\/v2\/media?parent=476"}],"curies":[{"name":"wp","href":"https:\/\/api.w.org\/{rel}","templated":true}]}}