{"id":474,"date":"2020-06-16T17:38:47","date_gmt":"2020-06-16T14:38:47","guid":{"rendered":"https:\/\/lizari2.bumbierkoks.com\/?page_id=474"},"modified":"2021-10-06T16:42:26","modified_gmt":"2021-10-06T13:42:26","slug":"conferences-and-seminars","status":"publish","type":"page","link":"https:\/\/lizari.org\/en\/conferences-and-seminars\/","title":{"rendered":"CONFERENCES AND SEMINARS"},"content":{"rendered":"\n<style type=\"text\/css\" data-created_by=\"avia_inline_auto\" id=\"style-css-av-kbm8bc4j-ecd1c502145a06c842cda83c3887e050\">\n.avia-section.av-kbm8bc4j-ecd1c502145a06c842cda83c3887e050 .av-parallax .av-parallax-inner{\nbackground-repeat:no-repeat;\nbackground-image:url(https:\/\/lizari.org\/wp-content\/uploads\/2020\/06\/DJI_003483x.jpg);\nbackground-position:50% 50%;\nbackground-attachment:scroll;\n}\n<\/style>\n<div id='av_section_1'  class='avia-section av-kbm8bc4j-ecd1c502145a06c842cda83c3887e050 main_color avia-section-default avia-no-border-styling  avia-builder-el-0  el_before_av_section  avia-builder-el-first  av-medium-hide av-small-hide av-mini-hide avia-full-stretch av-parallax-section avia-bg-style-parallax av-minimum-height av-minimum-height-60 av-height-percent  container_wrap fullsize'  data-section-bg-repeat='stretch' data-av_minimum_height_pc='60' data-av_min_height_opt='percent'><div class='av-parallax' data-avia-parallax-ratio='0.3' ><div class='av-parallax-inner main_color avia-full-stretch'><\/div><\/div><div class='container av-section-cont-open' ><main  role=\"main\" itemprop=\"mainContentOfPage\"  class='template-page content  av-content-full alpha units'><div class='post-entry post-entry-type-page post-entry-474'><div class='entry-content-wrapper clearfix'>\n<\/div><\/div><\/main><!-- close content main element --><\/div><\/div>\n<style type=\"text\/css\" data-created_by=\"avia_inline_auto\" id=\"style-css-av-kbm8bc4j-86b67eb10517ddd14a30e03b2183f491\">\n.avia-section.av-kbm8bc4j-86b67eb10517ddd14a30e03b2183f491{\nbackground-repeat:no-repeat;\nbackground-image:url(https:\/\/lizari.org\/wp-content\/uploads\/2020\/06\/DJI_003483x.jpg);\nbackground-position:50% 0%;\nbackground-attachment:scroll;\n}\n<\/style>\n<div id='av_section_2'  class='avia-section av-kbm8bc4j-86b67eb10517ddd14a30e03b2183f491 main_color avia-section-default avia-no-border-styling  avia-builder-el-1  el_after_av_section  el_before_av_section  av-desktop-hide avia-bg-style-scroll av-minimum-height av-minimum-height-75 av-height-75  container_wrap fullsize'  data-section-bg-repeat='no-repeat' data-av_minimum_height_pc='75' data-av_min_height_opt='75'><div class='container av-section-cont-open' ><div class='template-page content  av-content-full alpha units'><div class='post-entry post-entry-type-page post-entry-474'><div class='entry-content-wrapper clearfix'>\n\n<style type=\"text\/css\" data-created_by=\"avia_inline_auto\" id=\"style-css-av-kbn9i5bz-c9d1261914f22ffb296c4e4e0356083c\">\n#top .hr.hr-invisible.av-kbn9i5bz-c9d1261914f22ffb296c4e4e0356083c{\nheight:200px;\n}\n<\/style>\n<div  class='hr av-kbn9i5bz-c9d1261914f22ffb296c4e4e0356083c hr-invisible  avia-builder-el-2  el_before_av_heading  avia-builder-el-first '><span class='hr-inner '><span class=\"hr-inner-style\"><\/span><\/span><\/div>\n\n<style type=\"text\/css\" data-created_by=\"avia_inline_auto\" id=\"style-css-av-av_heading-3f46daef3dc0f9233e6fcadb0f26161d\">\n#top .av-special-heading.av-av_heading-3f46daef3dc0f9233e6fcadb0f26161d{\npadding-bottom:10px;\ncolor:#ffffff;\n}\nbody .av-special-heading.av-av_heading-3f46daef3dc0f9233e6fcadb0f26161d .av-special-heading-tag .heading-char{\nfont-size:25px;\n}\n.av-special-heading.av-av_heading-3f46daef3dc0f9233e6fcadb0f26161d .special-heading-inner-border{\nborder-color:#ffffff;\n}\n.av-special-heading.av-av_heading-3f46daef3dc0f9233e6fcadb0f26161d .av-subheading{\nfont-size:15px;\n}\n<\/style>\n<div  class='av-special-heading av-av_heading-3f46daef3dc0f9233e6fcadb0f26161d av-special-heading-h1 custom-color-heading blockquote modern-quote modern-centered  avia-builder-el-3  el_after_av_hr  avia-builder-el-last  av-desktop-hide'><h1 class='av-special-heading-tag '  itemprop=\"headline\"  >LIZARI \u2013 the place of unique natural and architectural harmony<\/h1><div class=\"special-heading-border\"><div class=\"special-heading-inner-border\"><\/div><\/div><\/div>\n\n<\/div><\/div><\/div><!-- close content main div --><\/div><\/div>\n<style type=\"text\/css\" data-created_by=\"avia_inline_auto\" id=\"style-css-av-kbm8bc4j-91b6d0eefb46f6771aa23e0092571b6c\">\n.avia-section.av-kbm8bc4j-91b6d0eefb46f6771aa23e0092571b6c{\nbackground-color:#ffc700;\nbackground-image:unset;\n}\n<\/style>\n<div id='av_section_3'  class='avia-section av-kbm8bc4j-91b6d0eefb46f6771aa23e0092571b6c main_color avia-section-default avia-no-border-styling  avia-builder-el-4  el_after_av_section  el_before_av_three_fifth  avia-bg-style-parallax container_wrap fullsize'  ><div class='container av-section-cont-open' ><div class='template-page content  av-content-full alpha units'><div class='post-entry post-entry-type-page post-entry-474'><div class='entry-content-wrapper clearfix'>\n\n<style type=\"text\/css\" data-created_by=\"avia_inline_auto\" id=\"style-css-av-794c-2727eceba7f687870fcd5493f935b3a0\">\n.flex_column.av-794c-2727eceba7f687870fcd5493f935b3a0{\nborder-radius:0px 0px 0px 0px;\npadding:0px 0px 0px 0px;\n}\n<\/style>\n<div  class='flex_column av-794c-2727eceba7f687870fcd5493f935b3a0 av_one_fourth  avia-builder-el-5  el_before_av_one_fourth  avia-builder-el-first  first flex_column_div av-zero-column-padding  '     ><div  class=\"avia-animated-number av-kbmd8m7u-1386a00c21668a148bef78e4ef84a537 av-force-default-color avia_animate_when_visible  avia-builder-el-6  avia-builder-el-no-sibling  \" data-timer=\"3000\"><strong class=\"heading avia-animated-number-title\"><span class=\"avia-single-number __av-single-number\" data-number_format=\"\" data-number=\"300\" data-start_from=\"0\">300<\/span><\/strong><div class=\"avia-animated-number-content\"><p>m2 area of conference and seminar rooms<\/p>\n<\/div><\/div><\/div>\n<style type=\"text\/css\" data-created_by=\"avia_inline_auto\" id=\"style-css-av-794c-bc9ac4694dc954c84d320c7d64ea04a5\">\n.flex_column.av-794c-bc9ac4694dc954c84d320c7d64ea04a5{\nborder-radius:0px 0px 0px 0px;\npadding:0px 0px 0px 0px;\n}\n<\/style>\n<div  class='flex_column av-794c-bc9ac4694dc954c84d320c7d64ea04a5 av_one_fourth  avia-builder-el-7  el_after_av_one_fourth  el_before_av_one_fourth  flex_column_div av-zero-column-padding  '     ><div  class=\"avia-animated-number av-kbmd8m7u-996eabd350b0f25b554fc242a7960b3a av-force-default-color avia_animate_when_visible  avia-builder-el-8  avia-builder-el-no-sibling  \" data-timer=\"3000\"><strong class=\"heading avia-animated-number-title\"><span class=\"avia-single-number __av-single-number\" data-number_format=\"\" data-number=\"200\" data-start_from=\"0\">200<\/span><\/strong><div class=\"avia-animated-number-content\"><p>participants at the same time<br \/>\nconference rooms available<\/p>\n<\/div><\/div><\/div>\n<style type=\"text\/css\" data-created_by=\"avia_inline_auto\" id=\"style-css-av-5ug6-966723826bd69a054ca4c2689a8feb8b\">\n.flex_column.av-5ug6-966723826bd69a054ca4c2689a8feb8b{\nborder-radius:0px 0px 0px 0px;\npadding:0px 0px 0px 0px;\n}\n<\/style>\n<div  class='flex_column av-5ug6-966723826bd69a054ca4c2689a8feb8b av_one_fourth  avia-builder-el-9  el_after_av_one_fourth  el_before_av_one_fourth  flex_column_div av-zero-column-padding  '     ><div  class=\"avia-animated-number av-kbmd8m7u-256b836757956ca606e2cdbda28c1730 av-force-default-color avia_animate_when_visible  avia-builder-el-10  avia-builder-el-no-sibling  \" data-timer=\"3000\"><strong class=\"heading avia-animated-number-title\"><span class=\"avia-single-number __av-single-number\" data-number_format=\"\" data-number=\"90\" data-start_from=\"0\">90<\/span><\/strong><div class=\"avia-animated-number-content\"><p>people accommodation<\/p>\n<\/div><\/div><\/div>\n<style type=\"text\/css\" data-created_by=\"avia_inline_auto\" id=\"style-css-av-42ni-5453147addc81e0eb066634363052310\">\n.flex_column.av-42ni-5453147addc81e0eb066634363052310{\nborder-radius:0px 0px 0px 0px;\npadding:0px 0px 0px 0px;\n}\n<\/style>\n<div  class='flex_column av-42ni-5453147addc81e0eb066634363052310 av_one_fourth  avia-builder-el-11  el_after_av_one_fourth  avia-builder-el-last  flex_column_div av-zero-column-padding  '     ><div  class=\"avia-animated-number av-kbmd8m7u-f0cf09767beff553467ca2c09b8b29e0 av-force-default-color avia_animate_when_visible  avia-builder-el-12  avia-builder-el-no-sibling  \" data-timer=\"3000\"><strong class=\"heading avia-animated-number-title\"><span class=\"avia-single-number __av-single-number\" data-number_format=\"\" data-number=\"70\" data-start_from=\"0\">70<\/span><\/strong><div class=\"avia-animated-number-content\"><p>people restaurant<\/p>\n<\/div><\/div><\/div>\n<\/div><\/div><\/div><!-- close content main div --><\/div><\/div><div id='after_section_3'  class='main_color av_default_container_wrap container_wrap fullsize'  ><div class='container av-section-cont-open' ><div class='template-page content  av-content-full alpha units'><div class='post-entry post-entry-type-page post-entry-474'><div class='entry-content-wrapper clearfix'>\n\n<style type=\"text\/css\" data-created_by=\"avia_inline_auto\" id=\"style-css-av-2lsg-927818f0ca50d0626cb43e4f678c711d\">\n.flex_column.av-2lsg-927818f0ca50d0626cb43e4f678c711d{\nborder-radius:0px 0px 0px 0px;\npadding:0px 0px 0px 0px;\n}\n<\/style>\n<div  class='flex_column av-2lsg-927818f0ca50d0626cb43e4f678c711d av_three_fifth  avia-builder-el-13  el_after_av_section  el_before_av_two_fifth  avia-builder-el-first  first flex_column_div av-zero-column-padding  '     ><p>\n<style type=\"text\/css\" data-created_by=\"avia_inline_auto\" id=\"style-css-av-av_heading-56198001fb188f3b8b11604a8d89940b\">\n#top .av-special-heading.av-av_heading-56198001fb188f3b8b11604a8d89940b{\npadding-bottom:10px;\n}\nbody .av-special-heading.av-av_heading-56198001fb188f3b8b11604a8d89940b .av-special-heading-tag .heading-char{\nfont-size:25px;\n}\n.av-special-heading.av-av_heading-56198001fb188f3b8b11604a8d89940b .av-subheading{\nfont-size:15px;\n}\n<\/style>\n<div  class='av-special-heading av-av_heading-56198001fb188f3b8b11604a8d89940b av-special-heading-h1 blockquote modern-quote  avia-builder-el-14  el_before_av_textblock  avia-builder-el-first  av-medium-hide av-small-hide av-mini-hide'><h1 class='av-special-heading-tag '  itemprop=\"headline\"  >LIZARI \u2013 the place of unique natural and architectural harmony<\/h1><div class=\"special-heading-border\"><div class=\"special-heading-inner-border\"><\/div><\/div><\/div><br \/>\n\n<style type=\"text\/css\" data-created_by=\"avia_inline_auto\" id=\"style-css-av-kbm872cd-27b3c9bf1630201e76241248a709820d\">\n#top .av_textblock_section.av-kbm872cd-27b3c9bf1630201e76241248a709820d .avia_textblock{\nfont-size:18px;\n}\n<\/style>\n<section  class='av_textblock_section av-kbm872cd-27b3c9bf1630201e76241248a709820d '   itemscope=\"itemscope\" itemtype=\"https:\/\/schema.org\/CreativeWork\" ><div class='avia_textblock'  itemprop=\"text\" ><p>An ecologically friendly,comfortable and beautiful place for business meetings in an informal atmosphere, training, educational activities, concerts, festivals, seminars, conferences.<\/p>\n<p>The main idea behind the centre is to offer functional and homely space to the modern person. It is a place where everyone could be on their own and get in touch with humanist culture by participating in various cultural events.<\/p>\n<\/div><\/section><br \/>\n<div  class='hr av-ghju-f3601c20adec12c2e1ca5547ecedeae8 hr-default  avia-builder-el-16  el_after_av_textblock  el_before_av_contact '><span class='hr-inner '><span class=\"hr-inner-style\"><\/span><\/span><\/div><br \/>\n<form action=\"https:\/\/lizari.org\/en\/conferences-and-seminars\/\" method=\"post\" data-fields-with-error=\"Found errors in the following field(s):\" class=\"avia_ajax_form av-form-labels-hidden   avia-builder-el-17  el_after_av_hr  avia-builder-el-last   \" data-avia-form-id=\"1\" data-avia-redirect='' ><h3 class=''>Contact us!<\/h3><fieldset><p class='  first_form  form_element form_element_third' id='element_avia_1_1'><label for=\"avia_1_1\">Name <abbr class=\"required\" title=\"required\">*<\/abbr><\/label> <input name=\"avia_1_1\" class=\"text_input is_empty\" type=\"text\" id=\"avia_1_1\" value=\"\"  placeholder='Name*'\/><\/p><p class='  form_element form_element_third' id='element_avia_2_1'><label for=\"avia_2_1\">E-mail <abbr class=\"required\" title=\"required\">*<\/abbr><\/label> <input name=\"avia_2_1\" class=\"text_input is_email\" type=\"text\" id=\"avia_2_1\" value=\"\"  placeholder='E-mail*'\/><\/p><p class='  form_element form_element_third' id='element_avia_3_1'><label for=\"avia_3_1\">Phone <abbr class=\"required\" title=\"required\">*<\/abbr><\/label> <input name=\"avia_3_1\" class=\"text_input is_phone\" type=\"text\" id=\"avia_3_1\" value=\"\"  placeholder='Phone*'\/><\/p><p class='  first_form  form_element form_element_half' id='element_avia_4_1'><label for=\"avia_4_1\">Start date<\/label> <input name=\"avia_4_1\" class=\"avia_datepicker text_input \" type=\"text\" id=\"avia_4_1\" value=\"\" placeholder=\"Start date\" inputmode=\"none\" \/><\/p><p class='  form_element form_element_half' id='element_avia_5_1'><label for=\"avia_5_1\">Closing date<\/label> <input name=\"avia_5_1\" class=\"avia_datepicker text_input \" type=\"text\" id=\"avia_5_1\" value=\"\" placeholder=\"Closing date\" inputmode=\"none\" \/><\/p><p class='  first_form  form_element form_fullwidth' id='element_avia_6_1'><label for=\"avia_6_1\" class=\"textare_label hidden textare_label_avia_6_1\">More information<\/label><textarea  placeholder='More information' name=\"avia_6_1\" class=\"text_area \" cols=\"40\" rows=\"7\" id=\"avia_6_1\" ><\/textarea><\/p><p class=\"hidden\"><input type=\"text\" name=\"avia_7_1\" class=\"hidden \" id=\"avia_7_1\" value=\"\" \/><\/p><div id='avia_8_1' class='av-recaptcha-area  first_form  form_element form_fullwidth '  data-container_class=\"\" data-custom_class=\"\" data-context=\"av_contact_form\" data-token_input=\"av_recaptcha_token\" data-version=\"avia_recaptcha_v3\" data-theme=\"light\" data-size=\"normal\" data-score=\"0.5\" data-text_to_preview=\"\" data-value=\"\"><div class=\"av-google-badge-message hidden\">This site is protected by reCAPTCHA and the Google <a href=\"https:\/\/policies.google.com\/privacy\">Privacy Policy<\/a> and <a href=\"https:\/\/policies.google.com\/terms\">Terms of Service<\/a> apply.<\/div><\/div><p class=\"form_element \"><input type=\"hidden\" value=\"1\" name=\"avia_generated_form1\" \/><input type=\"submit\" value=\"Reserve\" class=\"button\"  data-sending-label=\"Sending\"\/><\/p><\/fieldset><div class=\"avia-disabled-form\">This contact form is deactivated because you refused to accept Google reCaptcha service which is necessary to validate any messages sent by the form.<\/div><\/form><div id=\"ajaxresponse_1\" class=\"ajaxresponse ajaxresponse_1 hidden\"><\/div><\/p><\/div>\n<style type=\"text\/css\" data-created_by=\"avia_inline_auto\" id=\"style-css-av-44y0-2af64bf132864a5e59cda5f41fed3325\">\n.flex_column.av-44y0-2af64bf132864a5e59cda5f41fed3325{\nborder-radius:0px 0px 0px 0px;\npadding:0px 0px 0px 0px;\n}\n<\/style>\n<div  class='flex_column av-44y0-2af64bf132864a5e59cda5f41fed3325 av_two_fifth  avia-builder-el-18  el_after_av_three_fifth  el_before_av_section  avia-builder-el-last  flex_column_div av-zero-column-padding  '     ><section  class='av_textblock_section av-kbm97vu1-114ce8742cc7e6c11f416ca2e89419bb '   itemscope=\"itemscope\" itemtype=\"https:\/\/schema.org\/CreativeWork\" ><div class='avia_textblock'  itemprop=\"text\" >\t\t<div class=\"wcs-timetable__wrapper\">\n\t\t\t<div class=\"wcs-vue\" id=\"wcs-app-2\"><\/div>\n\t\t<\/div>\n\t\t\n<\/div><\/section><\/div><\/p>\n<\/div><\/div><\/div><!-- close content main div --><\/div><\/div>\n<style type=\"text\/css\" data-created_by=\"avia_inline_auto\" id=\"style-css-av-kbm8bc4j-54956bfb4663dc07bae2f9a896847853\">\n.avia-section.av-kbm8bc4j-54956bfb4663dc07bae2f9a896847853 .av-parallax .av-parallax-inner{\nbackground-repeat:no-repeat;\nbackground-image:url(https:\/\/lizari.org\/wp-content\/uploads\/2020\/06\/lizari-putna-lidojums.jpg);\nbackground-position:50% 50%;\nbackground-attachment:scroll;\n}\n<\/style>\n<div id='av_section_4'  class='avia-section av-kbm8bc4j-54956bfb4663dc07bae2f9a896847853 main_color avia-section-default avia-no-border-styling avia-full-stretch av-parallax-section avia-bg-style-parallax av-minimum-height av-minimum-height-75 av-height-75  container_wrap fullsize'  data-section-bg-repeat='stretch' data-av_minimum_height_pc='75' data-av_min_height_opt='75'><div class='av-parallax' data-avia-parallax-ratio='0.3' ><div class='av-parallax-inner main_color avia-full-stretch'><\/div><\/div><div class='container av-section-cont-open' ><div class='template-page content  av-content-full alpha units'><div class='post-entry post-entry-type-page post-entry-474'><div class='entry-content-wrapper clearfix'>\n","protected":false},"excerpt":{"rendered":"","protected":false},"author":1,"featured_media":884,"parent":0,"menu_order":0,"comment_status":"closed","ping_status":"open","template":"","meta":{"footnotes":""},"class_list":["post-474","page","type-page","status-publish","has-post-thumbnail","hentry"],"yoast_head":"<!-- This site is optimized with the Yoast SEO plugin v24.8.1 - https:\/\/yoast.com\/wordpress\/plugins\/seo\/ -->\n<title>Seminars and \u0421onferences<\/title>\n<meta name=\"description\" content=\"\u0421onferences and seminars\" \/>\n<meta name=\"robots\" content=\"index, follow, max-snippet:-1, max-image-preview:large, max-video-preview:-1\" \/>\n<link rel=\"canonical\" href=\"https:\/\/lizari.org\/en\/conferences-and-seminars\/\" \/>\n<meta property=\"og:locale\" content=\"en_US\" \/>\n<meta property=\"og:type\" content=\"article\" \/>\n<meta property=\"og:title\" content=\"Seminars and \u0421onferences\" \/>\n<meta property=\"og:description\" content=\"\u0421onferences and seminars\" \/>\n<meta property=\"og:url\" content=\"https:\/\/lizari.org\/en\/conferences-and-seminars\/\" \/>\n<meta property=\"og:site_name\" content=\"Starptautiskais konferen\u010du centrs LIZARI\" \/>\n<meta property=\"article:modified_time\" content=\"2021-10-06T13:42:26+00:00\" \/>\n<meta property=\"og:image\" content=\"https:\/\/lizari.org\/wp-content\/uploads\/2020\/06\/viesnica.jpg\" \/>\n\t<meta property=\"og:image:width\" content=\"1919\" \/>\n\t<meta property=\"og:image:height\" content=\"1078\" \/>\n\t<meta property=\"og:image:type\" content=\"image\/jpeg\" \/>\n<meta name=\"twitter:card\" content=\"summary_large_image\" \/>\n<meta name=\"twitter:label1\" content=\"Est. reading time\" \/>\n\t<meta name=\"twitter:data1\" content=\"4 minutes\" \/>\n<script type=\"application\/ld+json\" class=\"yoast-schema-graph\">{\"@context\":\"https:\/\/schema.org\",\"@graph\":[{\"@type\":\"WebPage\",\"@id\":\"https:\/\/lizari.org\/en\/conferences-and-seminars\/\",\"url\":\"https:\/\/lizari.org\/en\/conferences-and-seminars\/\",\"name\":\"Seminars and \u0421onferences\",\"isPartOf\":{\"@id\":\"https:\/\/lizari.org\/en\/#website\"},\"primaryImageOfPage\":{\"@id\":\"https:\/\/lizari.org\/en\/conferences-and-seminars\/#primaryimage\"},\"image\":{\"@id\":\"https:\/\/lizari.org\/en\/conferences-and-seminars\/#primaryimage\"},\"thumbnailUrl\":\"https:\/\/lizari.org\/wp-content\/uploads\/2020\/06\/viesnica.jpg\",\"datePublished\":\"2020-06-16T14:38:47+00:00\",\"dateModified\":\"2021-10-06T13:42:26+00:00\",\"description\":\"\u0421onferences and seminars\",\"breadcrumb\":{\"@id\":\"https:\/\/lizari.org\/en\/conferences-and-seminars\/#breadcrumb\"},\"inLanguage\":\"en-US\",\"potentialAction\":[{\"@type\":\"ReadAction\",\"target\":[\"https:\/\/lizari.org\/en\/conferences-and-seminars\/\"]}]},{\"@type\":\"ImageObject\",\"inLanguage\":\"en-US\",\"@id\":\"https:\/\/lizari.org\/en\/conferences-and-seminars\/#primaryimage\",\"url\":\"https:\/\/lizari.org\/wp-content\/uploads\/2020\/06\/viesnica.jpg\",\"contentUrl\":\"https:\/\/lizari.org\/wp-content\/uploads\/2020\/06\/viesnica.jpg\",\"width\":1919,\"height\":1078},{\"@type\":\"BreadcrumbList\",\"@id\":\"https:\/\/lizari.org\/en\/conferences-and-seminars\/#breadcrumb\",\"itemListElement\":[{\"@type\":\"ListItem\",\"position\":1,\"name\":\"\u0413\u043b\u0430\u0432\u043d\u0430\u044f \u0441\u0442\u0440\u0430\u043d\u0438\u0446\u0430\",\"item\":\"https:\/\/lizari.org\/en\/\"},{\"@type\":\"ListItem\",\"position\":2,\"name\":\"CONFERENCES AND SEMINARS\"}]},{\"@type\":\"WebSite\",\"@id\":\"https:\/\/lizari.org\/en\/#website\",\"url\":\"https:\/\/lizari.org\/en\/\",\"name\":\"Starptautiskais konferen\u010du centrs LIZARI\",\"description\":\"Konferences, pas\u0101kumi, semin\u0101ri\",\"potentialAction\":[{\"@type\":\"SearchAction\",\"target\":{\"@type\":\"EntryPoint\",\"urlTemplate\":\"https:\/\/lizari.org\/en\/?s={search_term_string}\"},\"query-input\":{\"@type\":\"PropertyValueSpecification\",\"valueRequired\":true,\"valueName\":\"search_term_string\"}}],\"inLanguage\":\"en-US\"}]}<\/script>\n<!-- \/ Yoast SEO plugin. -->","yoast_head_json":{"title":"Seminars and \u0421onferences","description":"\u0421onferences and seminars","robots":{"index":"index","follow":"follow","max-snippet":"max-snippet:-1","max-image-preview":"max-image-preview:large","max-video-preview":"max-video-preview:-1"},"canonical":"https:\/\/lizari.org\/en\/conferences-and-seminars\/","og_locale":"en_US","og_type":"article","og_title":"Seminars and \u0421onferences","og_description":"\u0421onferences and seminars","og_url":"https:\/\/lizari.org\/en\/conferences-and-seminars\/","og_site_name":"Starptautiskais konferen\u010du centrs LIZARI","article_modified_time":"2021-10-06T13:42:26+00:00","og_image":[{"width":1919,"height":1078,"url":"https:\/\/lizari.org\/wp-content\/uploads\/2020\/06\/viesnica.jpg","type":"image\/jpeg"}],"twitter_card":"summary_large_image","twitter_misc":{"Est. reading time":"4 minutes"},"schema":{"@context":"https:\/\/schema.org","@graph":[{"@type":"WebPage","@id":"https:\/\/lizari.org\/en\/conferences-and-seminars\/","url":"https:\/\/lizari.org\/en\/conferences-and-seminars\/","name":"Seminars and \u0421onferences","isPartOf":{"@id":"https:\/\/lizari.org\/en\/#website"},"primaryImageOfPage":{"@id":"https:\/\/lizari.org\/en\/conferences-and-seminars\/#primaryimage"},"image":{"@id":"https:\/\/lizari.org\/en\/conferences-and-seminars\/#primaryimage"},"thumbnailUrl":"https:\/\/lizari.org\/wp-content\/uploads\/2020\/06\/viesnica.jpg","datePublished":"2020-06-16T14:38:47+00:00","dateModified":"2021-10-06T13:42:26+00:00","description":"\u0421onferences and seminars","breadcrumb":{"@id":"https:\/\/lizari.org\/en\/conferences-and-seminars\/#breadcrumb"},"inLanguage":"en-US","potentialAction":[{"@type":"ReadAction","target":["https:\/\/lizari.org\/en\/conferences-and-seminars\/"]}]},{"@type":"ImageObject","inLanguage":"en-US","@id":"https:\/\/lizari.org\/en\/conferences-and-seminars\/#primaryimage","url":"https:\/\/lizari.org\/wp-content\/uploads\/2020\/06\/viesnica.jpg","contentUrl":"https:\/\/lizari.org\/wp-content\/uploads\/2020\/06\/viesnica.jpg","width":1919,"height":1078},{"@type":"BreadcrumbList","@id":"https:\/\/lizari.org\/en\/conferences-and-seminars\/#breadcrumb","itemListElement":[{"@type":"ListItem","position":1,"name":"\u0413\u043b\u0430\u0432\u043d\u0430\u044f \u0441\u0442\u0440\u0430\u043d\u0438\u0446\u0430","item":"https:\/\/lizari.org\/en\/"},{"@type":"ListItem","position":2,"name":"CONFERENCES AND SEMINARS"}]},{"@type":"WebSite","@id":"https:\/\/lizari.org\/en\/#website","url":"https:\/\/lizari.org\/en\/","name":"Starptautiskais konferen\u010du centrs LIZARI","description":"Konferences, pas\u0101kumi, semin\u0101ri","potentialAction":[{"@type":"SearchAction","target":{"@type":"EntryPoint","urlTemplate":"https:\/\/lizari.org\/en\/?s={search_term_string}"},"query-input":{"@type":"PropertyValueSpecification","valueRequired":true,"valueName":"search_term_string"}}],"inLanguage":"en-US"}]}},"_links":{"self":[{"href":"https:\/\/lizari.org\/en\/wp-json\/wp\/v2\/pages\/474","targetHints":{"allow":["GET"]}}],"collection":[{"href":"https:\/\/lizari.org\/en\/wp-json\/wp\/v2\/pages"}],"about":[{"href":"https:\/\/lizari.org\/en\/wp-json\/wp\/v2\/types\/page"}],"author":[{"embeddable":true,"href":"https:\/\/lizari.org\/en\/wp-json\/wp\/v2\/users\/1"}],"replies":[{"embeddable":true,"href":"https:\/\/lizari.org\/en\/wp-json\/wp\/v2\/comments?post=474"}],"version-history":[{"count":5,"href":"https:\/\/lizari.org\/en\/wp-json\/wp\/v2\/pages\/474\/revisions"}],"predecessor-version":[{"id":1695,"href":"https:\/\/lizari.org\/en\/wp-json\/wp\/v2\/pages\/474\/revisions\/1695"}],"wp:featuredmedia":[{"embeddable":true,"href":"https:\/\/lizari.org\/en\/wp-json\/wp\/v2\/media\/884"}],"wp:attachment":[{"href":"https:\/\/lizari.org\/en\/wp-json\/wp\/v2\/media?parent=474"}],"curies":[{"name":"wp","href":"https:\/\/api.w.org\/{rel}","templated":true}]}}