{"id":1085,"date":"2020-07-24T20:40:42","date_gmt":"2020-07-24T17:40:42","guid":{"rendered":"https:\/\/lizari2.bumbierkoks.com\/home\/"},"modified":"2020-11-23T10:56:51","modified_gmt":"2020-11-23T08:56:51","slug":"home","status":"publish","type":"page","link":"https:\/\/lizari.org\/en\/","title":{"rendered":"Home"},"content":{"rendered":"<div   class='avia-fullscreen-slider main_color   avia-builder-el-0  el_before_av_three_fifth  avia-builder-el-first  container_wrap fullsize'  ><a href='#next-section' title='' class='scroll-down-link av-control-hidden avia-svg-icon avia-font-svg_entypo-fontello' data-av_svg_icon='down-open-mini' data-av_iconset='svg_entypo-fontello'><svg version=\"1.1\" xmlns=\"http:\/\/www.w3.org\/2000\/svg\" width=\"15\" height=\"32\" viewBox=\"0 0 15 32\" preserveAspectRatio=\"xMidYMid meet\" aria-labelledby='av-svg-title-1' aria-describedby='av-svg-desc-1' role=\"graphics-symbol\" aria-hidden=\"true\">\n<title id='av-svg-title-1'>Scroll to next section<\/title>\n<desc id='av-svg-desc-1'>Scroll to next section<\/desc>\n<path d=\"M12.96 12.16q0.704-0.832 1.536 0 0.832 0.704 0 1.536l-6.272 6.144q-0.704 0.704-1.536 0l-6.272-6.144q-0.832-0.832 0-1.536 0.768-0.768 1.6 0l5.44 4.992z\"><\/path>\n<\/svg><\/a><div  class='avia-slideshow av-kc271z5q-7956000ff82e2d80322cba6873ea37a7 avia-slideshow-extra_large av_fullscreen avia-fade-slider av-slideshow-ui av-control-hidden av-no-slider-navigation av-hide-nav-arrows av-slideshow-manual av-loop-once av-loop-manual-endless av-slider-scroll-down-active av-default-height-applied   avia-slideshow-1' data-slideshow-options=\"{&quot;animation&quot;:&quot;fade&quot;,&quot;autoplay&quot;:false,&quot;loop_autoplay&quot;:&quot;once&quot;,&quot;interval&quot;:5,&quot;loop_manual&quot;:&quot;manual-endless&quot;,&quot;autoplay_stopper&quot;:false,&quot;noNavigation&quot;:true,&quot;bg_slider&quot;:true,&quot;keep_padding&quot;:false,&quot;hoverpause&quot;:false,&quot;show_slide_delay&quot;:0,&quot;slide_height&quot;:&quot;100&quot;,&quot;image_attachment&quot;:&quot;scroll&quot;}\"  itemprop=\"image\" itemscope=\"itemscope\" itemtype=\"https:\/\/schema.org\/ImageObject\" ><ul class='avia-slideshow-inner ' style='padding-bottom: 100%;'><li  data-controls='aviaTBaviaTBvideo_controls' data-mute='aviaTBaviaTBvideo_mute' data-loop='' data-disable-autoplay=''  data-mobile-img='https:\/\/lizari.org\/wp-content\/uploads\/2020\/06\/DJI_003483x-1500x844.jpg' data-fallback-link='https:\/\/lizari.org\/wp-content\/uploads\/2020\/07\/01_1.mp4' class='avia-slideshow-slide av-kc271z5q-7956000ff82e2d80322cba6873ea37a7__0  av-video-slide av-element-cover av-video-service-html5  av-hide-video-controls av-mute-video av-mobile-fallback-image  av-single-slide slide-1 slide-odd'><div data-rel='slideshow-1' class='avia-slide-wrap ' style='background-image:url(\"https:\/\/lizari.org\/wp-content\/uploads\/2020\/06\/DJI_003483x-1500x844.jpg\");'   itemprop=\"video\" itemtype=\"https:\/\/schema.org\/VideoObject\" ><div class='av-click-overlay'><\/div><video class='avia_video' poster=\"https:\/\/lizari.org\/wp-content\/uploads\/2020\/06\/DJI_003483x-1500x844.jpg\" autoplay playsinline  preload=\"auto\" muted  id='player_1085_1727927610_1171898409'><source src=\"https:\/\/lizari.org\/wp-content\/uploads\/2020\/06\/video2.mp4\" type=\"video\/mp4\" \/><\/video><div class=\"av-click-to-play-overlay\"><div class=\"avia_playpause_icon\"><\/div><\/div><\/div><\/li><\/ul><\/div><\/div><div id='after_full_slider_1'  class='main_color av_default_container_wrap container_wrap fullsize'  ><div class='container av-section-cont-open' ><div class='template-page content  av-content-full alpha units'><div class='post-entry post-entry-type-page post-entry-1085'><div class='entry-content-wrapper clearfix'>\n\n<style type=\"text\/css\" data-created_by=\"avia_inline_auto\" id=\"style-css-av-2lsg-927818f0ca50d0626cb43e4f678c711d\">\n.flex_column.av-2lsg-927818f0ca50d0626cb43e4f678c711d{\nborder-radius:0px 0px 0px 0px;\npadding:0px 0px 0px 0px;\n}\n<\/style>\n<div  class='flex_column av-2lsg-927818f0ca50d0626cb43e4f678c711d av_three_fifth  avia-builder-el-1  el_after_av_fullscreen  el_before_av_two_fifth  avia-builder-el-first  first flex_column_div av-zero-column-padding  '     ><p>\n<style type=\"text\/css\" data-created_by=\"avia_inline_auto\" id=\"style-css-av-av_heading-56198001fb188f3b8b11604a8d89940b\">\n#top .av-special-heading.av-av_heading-56198001fb188f3b8b11604a8d89940b{\npadding-bottom:10px;\n}\nbody .av-special-heading.av-av_heading-56198001fb188f3b8b11604a8d89940b .av-special-heading-tag .heading-char{\nfont-size:25px;\n}\n.av-special-heading.av-av_heading-56198001fb188f3b8b11604a8d89940b .av-subheading{\nfont-size:15px;\n}\n<\/style>\n<div  class='av-special-heading av-av_heading-56198001fb188f3b8b11604a8d89940b av-special-heading-h1 blockquote modern-quote  avia-builder-el-2  el_before_av_textblock  avia-builder-el-first  av-medium-hide av-small-hide av-mini-hide'><h1 class='av-special-heading-tag '  itemprop=\"headline\"  >LIZARI \u2013 the place of unique natural and architectural harmony<\/h1><div class=\"special-heading-border\"><div class=\"special-heading-inner-border\"><\/div><\/div><\/div><br \/>\n\n<style type=\"text\/css\" data-created_by=\"avia_inline_auto\" id=\"style-css-av-kbm872cd-27b3c9bf1630201e76241248a709820d\">\n#top .av_textblock_section.av-kbm872cd-27b3c9bf1630201e76241248a709820d .avia_textblock{\nfont-size:18px;\n}\n<\/style>\n<section  class='av_textblock_section av-kbm872cd-27b3c9bf1630201e76241248a709820d '   itemscope=\"itemscope\" itemtype=\"https:\/\/schema.org\/CreativeWork\" ><div class='avia_textblock'  itemprop=\"text\" ><section class=\"av_textblock_section \">\n<div class=\"avia_textblock  \">\n<p>An ecologically friendly,comfortable and beautiful place for business meetings in an informal atmosphere, training, educational activities, concerts, festivals, seminars, conferences.<\/p>\n<p>The main idea behind the centre is to offer functional and homely space to the modern person. It is a place where everyone could be on their own and get in touch with humanist culture by participating in various cultural events.<\/p>\n<\/div>\n<\/section>\n<\/div><\/section><br \/>\n<div  class='hr av-ghju-f3601c20adec12c2e1ca5547ecedeae8 hr-default  avia-builder-el-4  el_after_av_textblock  el_before_av_contact '><span class='hr-inner '><span class=\"hr-inner-style\"><\/span><\/span><\/div><br \/>\n<form action=\"https:\/\/lizari.org\/en\/\" method=\"post\" data-fields-with-error=\"Found errors in the following field(s):\" class=\"avia_ajax_form av-form-labels-hidden   avia-builder-el-5  el_after_av_hr  avia-builder-el-last   \" data-avia-form-id=\"1\" data-avia-redirect='' ><h3 class=''>Send Your request and we will respond as soon as possible!<\/h3><fieldset><p class='  first_form  form_element form_element_third' id='element_avia_1_1'><label for=\"avia_1_1\">Name <abbr class=\"required\" title=\"required\">*<\/abbr><\/label> <input name=\"avia_1_1\" class=\"text_input is_empty\" type=\"text\" id=\"avia_1_1\" value=\"\"  placeholder='Name*'\/><\/p><p class='  form_element form_element_third' id='element_avia_2_1'><label for=\"avia_2_1\">E-mail <abbr class=\"required\" title=\"required\">*<\/abbr><\/label> <input name=\"avia_2_1\" class=\"text_input is_email\" type=\"text\" id=\"avia_2_1\" value=\"\"  placeholder='E-mail*'\/><\/p><p class='  form_element form_element_third' id='element_avia_3_1'><label for=\"avia_3_1\">Phone <abbr class=\"required\" title=\"required\">*<\/abbr><\/label> <input name=\"avia_3_1\" class=\"text_input is_phone\" type=\"text\" id=\"avia_3_1\" value=\"\"  placeholder='Phone*'\/><\/p><p class='  first_form  form_element form_element_half' id='element_avia_4_1'><label for=\"avia_4_1\">Start date<\/label> <input name=\"avia_4_1\" class=\"avia_datepicker text_input \" type=\"text\" id=\"avia_4_1\" value=\"\" placeholder=\"Start date\" inputmode=\"none\" \/><\/p><p class='  form_element form_element_half' id='element_avia_5_1'><label for=\"avia_5_1\">Closing date<\/label> <input name=\"avia_5_1\" class=\"avia_datepicker text_input \" type=\"text\" id=\"avia_5_1\" value=\"\" placeholder=\"Closing date\" inputmode=\"none\" \/><\/p><p class='  first_form  form_element form_fullwidth' id='element_avia_6_1'><label for=\"avia_6_1\" class=\"textare_label hidden textare_label_avia_6_1\">More information<\/label><textarea  placeholder='More information' name=\"avia_6_1\" class=\"text_area \" cols=\"40\" rows=\"7\" id=\"avia_6_1\" ><\/textarea><\/p><p class=\"hidden\"><input type=\"text\" name=\"avia_7_1\" class=\"hidden \" id=\"avia_7_1\" value=\"\" \/><\/p><div id='avia_8_1' class='av-recaptcha-area  first_form  form_element form_fullwidth '  data-container_class=\"\" data-custom_class=\"\" data-context=\"av_contact_form\" data-token_input=\"av_recaptcha_token\" data-version=\"avia_recaptcha_v3\" data-theme=\"light\" data-size=\"normal\" data-score=\"0.5\" data-text_to_preview=\"\" data-value=\"\"><div class=\"av-google-badge-message hidden\">This site is protected by reCAPTCHA and the Google <a href=\"https:\/\/policies.google.com\/privacy\">Privacy Policy<\/a> and <a href=\"https:\/\/policies.google.com\/terms\">Terms of Service<\/a> apply.<\/div><\/div><p class=\"form_element \"><input type=\"hidden\" value=\"1\" name=\"avia_generated_form1\" \/><input type=\"submit\" value=\"Send\" class=\"button\"  data-sending-label=\"Sending\"\/><\/p><\/fieldset><div class=\"avia-disabled-form\">This contact form is deactivated because you refused to accept Google reCaptcha service which is necessary to validate any messages sent by the form.<\/div><\/form><div id=\"ajaxresponse_1\" class=\"ajaxresponse ajaxresponse_1 hidden\"><\/div><\/p><\/div>\n<style type=\"text\/css\" data-created_by=\"avia_inline_auto\" id=\"style-css-av-44y0-2af64bf132864a5e59cda5f41fed3325\">\n.flex_column.av-44y0-2af64bf132864a5e59cda5f41fed3325{\nborder-radius:0px 0px 0px 0px;\npadding:0px 0px 0px 0px;\n}\n<\/style>\n<div  class='flex_column av-44y0-2af64bf132864a5e59cda5f41fed3325 av_two_fifth  avia-builder-el-6  el_after_av_three_fifth  el_before_av_section  avia-builder-el-last  flex_column_div av-zero-column-padding  '     ><section  class='av_textblock_section av-kbm97vu1-114ce8742cc7e6c11f416ca2e89419bb '   itemscope=\"itemscope\" itemtype=\"https:\/\/schema.org\/CreativeWork\" ><div class='avia_textblock'  itemprop=\"text\" >\t\t<div class=\"wcs-timetable__wrapper\">\n\t\t\t<div class=\"wcs-vue\" id=\"wcs-app-2\"><\/div>\n\t\t<\/div>\n\t\t\n<\/div><\/section><\/div><\/p>\n<\/div><\/div><\/div><!-- close content main div --><\/div><\/div>\n<style type=\"text\/css\" data-created_by=\"avia_inline_auto\" id=\"style-css-av-kbm8bc4j-54956bfb4663dc07bae2f9a896847853\">\n.avia-section.av-kbm8bc4j-54956bfb4663dc07bae2f9a896847853 .av-parallax .av-parallax-inner{\nbackground-repeat:no-repeat;\nbackground-image:url(https:\/\/lizari.org\/wp-content\/uploads\/2020\/06\/lizari-putna-lidojums.jpg);\nbackground-position:50% 50%;\nbackground-attachment:scroll;\n}\n<\/style>\n<div id='av_section_1'  class='avia-section av-kbm8bc4j-54956bfb4663dc07bae2f9a896847853 main_color avia-section-default avia-no-border-styling avia-full-stretch av-parallax-section avia-bg-style-parallax av-minimum-height av-minimum-height-75 av-height-75  container_wrap fullsize'  data-section-bg-repeat='stretch' data-av_minimum_height_pc='75' data-av_min_height_opt='75'><div class='av-parallax' data-avia-parallax-ratio='0.3' ><div class='av-parallax-inner main_color avia-full-stretch'><\/div><\/div><div class='container av-section-cont-open' ><div class='template-page content  av-content-full alpha units'><div class='post-entry post-entry-type-page post-entry-1085'><div class='entry-content-wrapper clearfix'>\n","protected":false},"excerpt":{"rendered":"","protected":false},"author":1,"featured_media":0,"parent":0,"menu_order":0,"comment_status":"closed","ping_status":"closed","template":"","meta":{"footnotes":""},"class_list":["post-1085","page","type-page","status-publish","hentry"],"yoast_head":"<!-- This site is optimized with the Yoast SEO plugin v24.8.1 - https:\/\/yoast.com\/wordpress\/plugins\/seo\/ -->\n<title>Home - Starptautiskais konferen\u010du centrs LIZARI<\/title>\n<meta name=\"robots\" content=\"index, follow, max-snippet:-1, max-image-preview:large, max-video-preview:-1\" \/>\n<link rel=\"canonical\" href=\"https:\/\/lizari.org\/en\/\" \/>\n<meta property=\"og:locale\" content=\"en_US\" \/>\n<meta property=\"og:type\" content=\"article\" \/>\n<meta property=\"og:title\" content=\"Home - Starptautiskais konferen\u010du centrs LIZARI\" \/>\n<meta property=\"og:url\" content=\"https:\/\/lizari.org\/en\/\" \/>\n<meta property=\"og:site_name\" content=\"Starptautiskais konferen\u010du centrs LIZARI\" \/>\n<meta property=\"article:modified_time\" content=\"2020-11-23T08:56:51+00:00\" \/>\n<meta name=\"twitter:card\" content=\"summary_large_image\" \/>\n<meta name=\"twitter:label1\" content=\"Est. reading time\" \/>\n\t<meta name=\"twitter:data1\" content=\"6 minutes\" \/>\n<script type=\"application\/ld+json\" class=\"yoast-schema-graph\">{\"@context\":\"https:\/\/schema.org\",\"@graph\":[{\"@type\":\"WebPage\",\"@id\":\"https:\/\/lizari.org\/en\/\",\"url\":\"https:\/\/lizari.org\/en\/\",\"name\":\"Home - Starptautiskais konferen\u010du centrs LIZARI\",\"isPartOf\":{\"@id\":\"https:\/\/lizari.org\/en\/#website\"},\"datePublished\":\"2020-07-24T17:40:42+00:00\",\"dateModified\":\"2020-11-23T08:56:51+00:00\",\"breadcrumb\":{\"@id\":\"https:\/\/lizari.org\/en\/#breadcrumb\"},\"inLanguage\":\"en-US\",\"potentialAction\":[{\"@type\":\"ReadAction\",\"target\":[\"https:\/\/lizari.org\/en\/\"]}]},{\"@type\":\"BreadcrumbList\",\"@id\":\"https:\/\/lizari.org\/en\/#breadcrumb\",\"itemListElement\":[{\"@type\":\"ListItem\",\"position\":1,\"name\":\"\u0413\u043b\u0430\u0432\u043d\u0430\u044f \u0441\u0442\u0440\u0430\u043d\u0438\u0446\u0430\",\"item\":\"https:\/\/lizari.org\/en\/\"},{\"@type\":\"ListItem\",\"position\":2,\"name\":\"Home\"}]},{\"@type\":\"WebSite\",\"@id\":\"https:\/\/lizari.org\/en\/#website\",\"url\":\"https:\/\/lizari.org\/en\/\",\"name\":\"Starptautiskais konferen\u010du centrs LIZARI\",\"description\":\"Konferences, pas\u0101kumi, semin\u0101ri\",\"potentialAction\":[{\"@type\":\"SearchAction\",\"target\":{\"@type\":\"EntryPoint\",\"urlTemplate\":\"https:\/\/lizari.org\/en\/?s={search_term_string}\"},\"query-input\":{\"@type\":\"PropertyValueSpecification\",\"valueRequired\":true,\"valueName\":\"search_term_string\"}}],\"inLanguage\":\"en-US\"}]}<\/script>\n<!-- \/ Yoast SEO plugin. -->","yoast_head_json":{"title":"Home - Starptautiskais konferen\u010du centrs LIZARI","robots":{"index":"index","follow":"follow","max-snippet":"max-snippet:-1","max-image-preview":"max-image-preview:large","max-video-preview":"max-video-preview:-1"},"canonical":"https:\/\/lizari.org\/en\/","og_locale":"en_US","og_type":"article","og_title":"Home - Starptautiskais konferen\u010du centrs LIZARI","og_url":"https:\/\/lizari.org\/en\/","og_site_name":"Starptautiskais konferen\u010du centrs LIZARI","article_modified_time":"2020-11-23T08:56:51+00:00","twitter_card":"summary_large_image","twitter_misc":{"Est. reading time":"6 minutes"},"schema":{"@context":"https:\/\/schema.org","@graph":[{"@type":"WebPage","@id":"https:\/\/lizari.org\/en\/","url":"https:\/\/lizari.org\/en\/","name":"Home - Starptautiskais konferen\u010du centrs LIZARI","isPartOf":{"@id":"https:\/\/lizari.org\/en\/#website"},"datePublished":"2020-07-24T17:40:42+00:00","dateModified":"2020-11-23T08:56:51+00:00","breadcrumb":{"@id":"https:\/\/lizari.org\/en\/#breadcrumb"},"inLanguage":"en-US","potentialAction":[{"@type":"ReadAction","target":["https:\/\/lizari.org\/en\/"]}]},{"@type":"BreadcrumbList","@id":"https:\/\/lizari.org\/en\/#breadcrumb","itemListElement":[{"@type":"ListItem","position":1,"name":"\u0413\u043b\u0430\u0432\u043d\u0430\u044f \u0441\u0442\u0440\u0430\u043d\u0438\u0446\u0430","item":"https:\/\/lizari.org\/en\/"},{"@type":"ListItem","position":2,"name":"Home"}]},{"@type":"WebSite","@id":"https:\/\/lizari.org\/en\/#website","url":"https:\/\/lizari.org\/en\/","name":"Starptautiskais konferen\u010du centrs LIZARI","description":"Konferences, pas\u0101kumi, semin\u0101ri","potentialAction":[{"@type":"SearchAction","target":{"@type":"EntryPoint","urlTemplate":"https:\/\/lizari.org\/en\/?s={search_term_string}"},"query-input":{"@type":"PropertyValueSpecification","valueRequired":true,"valueName":"search_term_string"}}],"inLanguage":"en-US"}]}},"_links":{"self":[{"href":"https:\/\/lizari.org\/en\/wp-json\/wp\/v2\/pages\/1085","targetHints":{"allow":["GET"]}}],"collection":[{"href":"https:\/\/lizari.org\/en\/wp-json\/wp\/v2\/pages"}],"about":[{"href":"https:\/\/lizari.org\/en\/wp-json\/wp\/v2\/types\/page"}],"author":[{"embeddable":true,"href":"https:\/\/lizari.org\/en\/wp-json\/wp\/v2\/users\/1"}],"replies":[{"embeddable":true,"href":"https:\/\/lizari.org\/en\/wp-json\/wp\/v2\/comments?post=1085"}],"version-history":[{"count":5,"href":"https:\/\/lizari.org\/en\/wp-json\/wp\/v2\/pages\/1085\/revisions"}],"predecessor-version":[{"id":1663,"href":"https:\/\/lizari.org\/en\/wp-json\/wp\/v2\/pages\/1085\/revisions\/1663"}],"wp:attachment":[{"href":"https:\/\/lizari.org\/en\/wp-json\/wp\/v2\/media?parent=1085"}],"curies":[{"name":"wp","href":"https:\/\/api.w.org\/{rel}","templated":true}]}}